{"id":8248,"date":"2023-11-16T08:38:53","date_gmt":"2023-11-16T07:38:53","guid":{"rendered":"https:\/\/www.mypellets.at\/jahresbedarf-an-pellets-gewinnen\/"},"modified":"2024-02-20T15:51:01","modified_gmt":"2024-02-20T14:51:01","slug":"ottieni-una-fornitura-annuale-di-pellet","status":"publish","type":"page","link":"https:\/\/www.mypellets.at\/fr\/ottieni-una-fornitura-annuale-di-pellet\/","title":{"rendered":"Obtenez un approvisionnement d&#8217;un an en pellets"},"content":{"rendered":"\n<div  class=\"trnc-fullwidth-text container py-10 trnc-full md:px-4 mx-auto\">\n    <div class=\"text-left\">\n            <h1 class=\"text-brown font-bold py-12\">Obtenez un approvisionnement d&#8217;un an en pellets<\/h1>\n                <div class=\"text-brown font-bold text-regular\"><p>Remplissez simplement le formulaire et, avec un peu de chance, vous recevrez le besoin annuel de mes pellets Premium pour une famille (\u2205 70 sacs de 15 kg chacun).<\/p>\n<\/div>\n    <\/div>\n    <\/div>\n\n\n\n\n<div  class=\"trnc-form-shortcode shortcode_form container trnc-full md:px-4 mx-auto\">\n\n<div class=\"wpcf7 no-js\" id=\"wpcf7-f8244-o1\" lang=\"de-DE\" dir=\"ltr\" data-wpcf7-id=\"8244\">\n<div class=\"screen-reader-response\"><p role=\"status\" aria-live=\"polite\" aria-atomic=\"true\"><\/p> <ul><\/ul><\/div>\n<form action=\"\/fr\/wp-json\/wp\/v2\/pages\/8248#wpcf7-f8244-o1\" method=\"post\" class=\"wpcf7-form init\" aria-label=\"Contact form\" novalidate=\"novalidate\" data-status=\"init\">\n<fieldset class=\"hidden-fields-container\"><input type=\"hidden\" name=\"_wpcf7\" value=\"8244\" \/><input type=\"hidden\" name=\"_wpcf7_version\" value=\"6.1.5\" \/><input type=\"hidden\" name=\"_wpcf7_locale\" value=\"de_DE\" \/><input type=\"hidden\" name=\"_wpcf7_unit_tag\" value=\"wpcf7-f8244-o1\" \/><input type=\"hidden\" name=\"_wpcf7_container_post\" value=\"0\" \/><input type=\"hidden\" name=\"_wpcf7_posted_data_hash\" value=\"\" \/><input type=\"hidden\" name=\"_wpcf7cf_hidden_group_fields\" value=\"[]\" \/><input type=\"hidden\" name=\"_wpcf7cf_hidden_groups\" value=\"[]\" \/><input type=\"hidden\" name=\"_wpcf7cf_visible_groups\" value=\"[]\" \/><input type=\"hidden\" name=\"_wpcf7cf_repeaters\" value=\"[]\" \/><input type=\"hidden\" name=\"_wpcf7cf_steps\" value=\"{}\" \/><input type=\"hidden\" name=\"_wpcf7cf_options\" value=\"{&quot;form_id&quot;:8244,&quot;conditions&quot;:[{&quot;then_field&quot;:&quot;group-190&quot;,&quot;and_rules&quot;:[{&quot;if_field&quot;:&quot;bought&quot;,&quot;operator&quot;:&quot;equals&quot;,&quot;if_value&quot;:&quot;J\\u2019ai d\\u00e9j\\u00e0 achet\\u00e9 my Premium Pellets!&quot;}]}],&quot;settings&quot;:{&quot;animation&quot;:&quot;yes&quot;,&quot;animation_intime&quot;:200,&quot;animation_outtime&quot;:200,&quot;conditions_ui&quot;:&quot;normal&quot;,&quot;notice_dismissed&quot;:false,&quot;notice_dismissed_rollback-cf7-5.8.2&quot;:true}}\" \/>\n<\/fieldset>\n<p><span class=\"wpcf7-form-control-wrap\" data-name=\"bought\"><span class=\"wpcf7-form-control wpcf7-radio\"><span class=\"wpcf7-list-item first\"><label><input type=\"radio\" name=\"bought\" value=\"Je n\u2019ai encore jamais achet\u00e9 my Premium Pellets.\" checked=\"checked\" \/><span class=\"wpcf7-list-item-label\">Je n\u2019ai encore jamais achet\u00e9 my Premium Pellets.<\/span><\/label><\/span><span class=\"wpcf7-list-item last\"><label><input type=\"radio\" name=\"bought\" value=\"J\u2019ai d\u00e9j\u00e0 achet\u00e9 my Premium Pellets!\" \/><span class=\"wpcf7-list-item-label\">J\u2019ai d\u00e9j\u00e0 achet\u00e9 my Premium Pellets!<\/span><\/label><\/span><\/span><\/span>\n<\/p>\n<div data-id=\"group-190\" data-orig_data_id=\"group-190\"  class=\"\" data-class=\"wpcf7cf_group\">\n\t<div class=\"groupcontent\">\n\t\t<p>La derni\u00e8re fois que j&#8217;ai achet\u00e9 mes pellets Premium, c&#8217;\u00e9tait le <span class=\"wpcf7-form-control-wrap\" data-name=\"buy_date\"><input class=\"wpcf7-form-control wpcf7-date wpcf7-validates-as-date\" aria-invalid=\"false\" placeholder=\"par exemple 24\/12\/2020\" value=\"\" type=\"date\" name=\"buy_date\" \/><\/span> \u00e0 <span class=\"wpcf7-form-control-wrap\" data-name=\"buy_location\"><input size=\"40\" maxlength=\"400\" class=\"wpcf7-form-control wpcf7-text\" aria-invalid=\"false\" placeholder=\"par exemple quincaillerie\" value=\"\" type=\"text\" name=\"buy_location\" \/><\/span> \u00e0 <span class=\"wpcf7-form-control-wrap\" data-name=\"buy_city\"><input size=\"40\" maxlength=\"400\" class=\"wpcf7-form-control wpcf7-text\" aria-invalid=\"false\" placeholder=\"par exemple Vienne\" value=\"\" type=\"text\" name=\"buy_city\" \/><\/span>.\n\t\t<\/p>\n\t<\/div>\n<\/div>\n<p><span class=\"wpcf7-form-control-wrap\" data-name=\"first_name\"><input size=\"40\" maxlength=\"400\" class=\"wpcf7-form-control wpcf7-text wpcf7-validates-as-required\" aria-required=\"true\" aria-invalid=\"false\" placeholder=\"Pr\u00e9nom*\" value=\"\" type=\"text\" name=\"first_name\" \/><\/span><br \/>\n<span class=\"wpcf7-form-control-wrap\" data-name=\"last_name\"><input size=\"40\" maxlength=\"400\" class=\"wpcf7-form-control wpcf7-text wpcf7-validates-as-required\" aria-required=\"true\" aria-invalid=\"false\" placeholder=\"Nom*\" value=\"\" type=\"text\" name=\"last_name\" \/><\/span><br \/>\n<span class=\"wpcf7-form-control-wrap\" data-name=\"email\"><input size=\"40\" maxlength=\"400\" class=\"wpcf7-form-control wpcf7-email wpcf7-validates-as-required wpcf7-text wpcf7-validates-as-email\" aria-required=\"true\" aria-invalid=\"false\" placeholder=\"Adresse e-mail*\" value=\"\" type=\"email\" name=\"email\" \/><\/span><br \/>\n<span class=\"wpcf7-form-control-wrap\" data-name=\"phone\"><input size=\"40\" maxlength=\"400\" class=\"wpcf7-form-control wpcf7-text wpcf7-validates-as-required\" aria-required=\"true\" aria-invalid=\"false\" placeholder=\"T\u00e9l\u00e9phone*\" value=\"\" type=\"text\" name=\"phone\" \/><\/span><br \/>\n<span class=\"wpcf7-form-control-wrap\" data-name=\"zip\"><input size=\"40\" maxlength=\"400\" class=\"wpcf7-form-control wpcf7-text wpcf7-validates-as-required\" aria-required=\"true\" aria-invalid=\"false\" placeholder=\"Code postal*\" value=\"\" type=\"text\" name=\"zip\" \/><\/span><br \/>\n<span class=\"wpcf7-form-control-wrap\" data-name=\"city\"><input size=\"40\" maxlength=\"400\" class=\"wpcf7-form-control wpcf7-text wpcf7-validates-as-required\" aria-required=\"true\" aria-invalid=\"false\" placeholder=\"Ville*\" value=\"\" type=\"text\" name=\"city\" \/><\/span><br \/>\n<span class=\"wpcf7-form-control-wrap\" data-name=\"country\"><input size=\"40\" maxlength=\"400\" class=\"wpcf7-form-control wpcf7-text wpcf7-validates-as-required\" aria-required=\"true\" aria-invalid=\"false\" placeholder=\"Pais*\" value=\"\" type=\"text\" name=\"country\" \/><\/span>\n<\/p>\n<p><span class=\"wpcf7-form-control-wrap\" data-name=\"terms\"><span class=\"wpcf7-form-control wpcf7-acceptance\"><span class=\"wpcf7-list-item\"><label><input type=\"checkbox\" name=\"terms\" value=\"1\" aria-invalid=\"false\" \/><span class=\"wpcf7-list-item-label\">Oui, je participe au jeu-concours pour remporter un an de granul\u00e9s my Premium Pellets pour un foyer (70 sacs de 15 kg) jusqu\u2019au 30 Septembre 2026.<\/span><\/label><\/span><\/span><\/span>\n<\/p>\n<p><span class=\"wpcf7-form-control-wrap\" data-name=\"newsletter\"><span class=\"wpcf7-form-control wpcf7-acceptance optional\"><span class=\"wpcf7-list-item\"><label><input type=\"checkbox\" name=\"newsletter\" value=\"1\" aria-invalid=\"false\" \/><span class=\"wpcf7-list-item-label\">J&#8217;accepte que les donn\u00e9es suivantes, \u00e0 savoir nom, pr\u00e9nom et adresse email, soient utilis\u00e9es par mes Premium Pellets dans le but d&#8217;envoyer des newsletters sur l&#8217;actualit\u00e9 de mes Premium Pellets conform\u00e9ment au <a style=\"color: #fcb900\" href=\"https:\/\/www.mypellets.at\/fr\/protection-des-donnees\/\" target=\"_blank\">D\u00e9claration de protection des donn\u00e9es<\/a> peut \u00eatre utilis\u00e9e. Ce consentement est volontaire et peut \u00eatre donn\u00e9 \u00e0 mes Premium Pellets \u00e0 tout moment avec effet futur sous <a style=\"color: #fcb900\" href=\"mailto:premium@mypellets.at\">premium@mypellets.at<\/a> peut \u00eatre r\u00e9voqu\u00e9.<\/span><\/label><\/span><\/span><\/span>\n<\/p>\n<p><span class=\"wpcf7-form-control-wrap\" data-name=\"hcap-cf7\">\t\t<input\n\t\t\t\ttype=\"hidden\"\n\t\t\t\tclass=\"hcaptcha-widget-id\"\n\t\t\t\tname=\"hcaptcha-widget-id\"\n\t\t\t\tvalue=\"eyJzb3VyY2UiOlsiY29udGFjdC1mb3JtLTdcL3dwLWNvbnRhY3QtZm9ybS03LnBocCJdLCJmb3JtX2lkIjozfQ==-fc02a8b4e63eaa5c396749769e9f74e6\">\n\t\t\t\t<span id=\"hcap_cf7-69ff5ccb453d51.41309579\" class=\"wpcf7-form-control h-captcha \"\n\t\t\tdata-sitekey=\"08b3e174-d026-429a-ae57-8dc51d217ed2\"\n\t\t\tdata-theme=\"light\"\n\t\t\tdata-size=\"normal\"\n\t\t\tdata-auto=\"false\"\n\t\t\tdata-ajax=\"false\"\n\t\t\tdata-force=\"false\">\n\t\t<\/span>\n\t\t<input type=\"hidden\" id=\"_wpnonce\" name=\"_wpnonce\" value=\"2f01b5ab7b\" \/><input type=\"hidden\" name=\"_wp_http_referer\" value=\"\/fr\/wp-json\/wp\/v2\/pages\/8248\" \/><\/span><input class=\"wpcf7-form-control wpcf7-submit has-spinner\" type=\"submit\" value=\"Participer Maintenant!\" \/>\n<\/p><div class=\"wpcf7-response-output\" aria-hidden=\"true\"><\/div>\n<\/form>\n<\/div>\n<\/div>\n\n\n\n<div  class=\"trnc-fullwidth-text container py-10 trnc-full md:px-4 mx-auto\">\n    <div class=\"text-left\">\n            <div class=\"text-brown font-bold text-regular\"><p>Tout recours juridique est exclu. Un remboursement en esp\u00e8ces des gains n&#8217;est pas possible. Aucune correspondance concernant le concours ne sera possible. Le gagnant sera inform\u00e9 par \u00e9crit. Le participant accepte express\u00e9ment que les donn\u00e9es personnelles qu&#8217;il a fournies (pr\u00e9nom, nom, e-mail, t\u00e9l\u00e9phone, adresse, ville, pays) soient stock\u00e9es \u00e9lectroniquement et transmises \u00e0 des tiers (actuellement : IT Tronic) dans le cadre du traitement du prix Innovation Graz, Madison, agence de publicit\u00e9 pour l&#8217;exp\u00e9dition et la maintenance du site web). Sans ces donn\u00e9es, le concours ne peut pas \u00eatre organis\u00e9. Avant la fin du concours, une lettre d&#8217;information distincte sera envoy\u00e9e \u00e0 tous les participants. Les donn\u00e9es stock\u00e9es seront supprim\u00e9es imm\u00e9diatement apr\u00e8s la fin du concours et l&#8217;annonce du gagnant. Avec l&#8217;accord du gagnant, la photo du prix sera utilis\u00e9e sur le site web mypellets.at, publi\u00e9e sur la page Facebook et envoy\u00e9e aux abonn\u00e9s par le biais de la lettre d&#8217;information.<\/p>\n<\/div>\n    <\/div>\n    <\/div>\n","protected":false},"excerpt":{"rendered":"","protected":false},"author":1,"featured_media":0,"parent":0,"menu_order":0,"comment_status":"closed","ping_status":"closed","template":"","meta":{"_acf_changed":false,"inline_featured_image":false,"footnotes":""},"class_list":["post-8248","page","type-page","status-publish","hentry"],"acf":[],"_links":{"self":[{"href":"https:\/\/www.mypellets.at\/fr\/wp-json\/wp\/v2\/pages\/8248","targetHints":{"allow":["GET"]}}],"collection":[{"href":"https:\/\/www.mypellets.at\/fr\/wp-json\/wp\/v2\/pages"}],"about":[{"href":"https:\/\/www.mypellets.at\/fr\/wp-json\/wp\/v2\/types\/page"}],"author":[{"embeddable":true,"href":"https:\/\/www.mypellets.at\/fr\/wp-json\/wp\/v2\/users\/1"}],"replies":[{"embeddable":true,"href":"https:\/\/www.mypellets.at\/fr\/wp-json\/wp\/v2\/comments?post=8248"}],"version-history":[{"count":12,"href":"https:\/\/www.mypellets.at\/fr\/wp-json\/wp\/v2\/pages\/8248\/revisions"}],"predecessor-version":[{"id":10147,"href":"https:\/\/www.mypellets.at\/fr\/wp-json\/wp\/v2\/pages\/8248\/revisions\/10147"}],"wp:attachment":[{"href":"https:\/\/www.mypellets.at\/fr\/wp-json\/wp\/v2\/media?parent=8248"}],"curies":[{"name":"wp","href":"https:\/\/api.w.org\/{rel}","templated":true}]}}