{"id":9340,"date":"2023-08-25T13:46:11","date_gmt":"2023-08-25T11:46:11","guid":{"rendered":"https:\/\/www.mypellets.at\/impressum\/"},"modified":"2025-10-16T17:11:10","modified_gmt":"2025-10-16T15:11:10","slug":"impressum","status":"publish","type":"page","link":"https:\/\/www.mypellets.at\/fr\/impressum\/","title":{"rendered":"Mentions l\u00e9gales"},"content":{"rendered":"\n<div  class=\"trnc-fullwidth-text container py-10 trnc-full md:px-4 mx-auto\">\n    <div class=\"text-left\">\n            <h1 class=\"text-yellow font-bold py-12\">Mentions l\u00e9gales<\/h1>\n                <div class=\"text-yellow font-bold text-regular\"><p><strong>My Pellets Handels GmbH<\/strong><br \/>\nA-8552 H\u00f6rmsdorf 190 (Autriche)<\/p>\n<p><strong>T\u00e9l.\u00a0:<\/strong>\u00a0+43 3466 42704<br \/>\n<strong>E-mail:<\/strong>\u00a0<a href=\"mailto:premium@mypellets.at\">premium@mypellets.at<\/a><br \/>\n<strong>Internet:<\/strong>\u00a0<a href=\"http:\/\/www.mypellets.at\/\">www.mypellets.at<\/a><\/p>\n<p><strong>Num\u00e9ro d\u2019identification du registre du commerce et des soci\u00e9t\u00e9s\u00a0:<\/strong>\u00a0FN 390472z<\/p>\n<p><strong>Tribunal d\u2019enregistrement au registre du commerce\u00a0<\/strong>: Tribunal civil r\u00e9gional de Graz<\/p>\n<p><strong>N\u00b0 d\u2019identification fiscale\u00a0:<\/strong>\u00a0ATU67640635<\/p>\n<p><strong>PDG:<\/strong>\u00a0Matthias Kroell<\/p>\n<p><strong>Objet de la soci\u00e9t\u00e9<\/strong>\u00a0: distribution de granul\u00e9s de bois<\/p>\n<p class=\"p1\"><span class=\"s1\"><strong>Cr\u00e9dits photo\u00a0:<\/strong> Florian Lierzer, My Pellets Handels GmbH, Menu photo \u00ab\u00a0Qualit\u00e9\u00a0\u00bb petit par Quaritsch Photography sur <a href=\"https:\/\/unsplash.com\/de\/fotos\/graue-kurvenreiche-strasse-in-der-nahe-von-wald-Uj6K44po4jw?utm_source=unsplash&amp;utm_medium=referral&amp;utm_content=creditCopyText\" target=\"_blank\" rel=\"noopener\">Unsplash<\/a>, Menu photo \u00ab\u00a0Qualit\u00e9\u00a0\u00bb grand par Josh Withers sur <a href=\"https:\/\/unsplash.com\/de\/fotos\/luftaufnahme-einer-strasse-mitten-im-wald-eM3lM1Xbq14?utm_source=unsplash&amp;utm_medium=referral&amp;utm_content=creditCopyText\" target=\"_blank\" rel=\"noopener\">Unsplash<\/a><\/span><\/p>\n<p><strong>Conception, design et programmation du site Internet:<\/strong> Madison Werbeagentur, <a href=\"https:\/\/www.madison.at\/\">www.madison.at<\/a><\/p>\n<p>Le contenu de ce site Internet est prot\u00e9g\u00e9 par des droits d\u2019auteur. Ces informations sont uniquement destin\u00e9es \u00e0 une utilisation personnelle. Toute autre utilisation, notamment l\u2019enregistrement dans des bases de donn\u00e9es, la reproduction et toute forme d\u2019utilisation commerciale, ainsi que la transmission \u00e0 des tiers, m\u00eame en partie ou sous forme remani\u00e9e, est interdite sans l\u2019accord de My\u00a0pellets\u00a0Handels\u00a0GmbH.<\/p>\n<p>M\u00eame si le contenu est rigoureusement contr\u00f4l\u00e9, aucune responsabilit\u00e9 l\u00e9gale ne peut \u00eatre assum\u00e9e quant au contenu des liens externes. Seuls les administrateurs des pages mises en lien sont responsables de leur contenu. Le pr\u00e9sent site Internet a \u00e9t\u00e9 \u00e9labor\u00e9 avec le plus grand soin. Il est actualis\u00e9 en permanence. Nous d\u00e9clinons cependant toute responsabilit\u00e9 l\u00e9gale quant \u00e0 l\u2019exactitude, l\u2019exhaustivit\u00e9 et le caract\u00e8re actuel des informations qu\u2019il contient.<\/p>\n<p>Diverses informations que vous nous communiquez lorsque vous vous abonnez \u00e0 une newsletter sur ce site sont enregistr\u00e9es. Nous utilisons ces donn\u00e9es pour vous offrir un service. Vous avez naturellement la possibilit\u00e9 de vous d\u00e9sabonner \u00e0 tout moment de la newsletter. Il vous suffit d\u2019envoyer un e-mail \u00e0 premium@mypellets.at en indiquant que vous ne souhaitez plus recevoir de newsletters. Vos donn\u00e9es ne sont pas transmises \u00e0 des tiers. Vos donn\u00e9es sont transmises uniquement en interne \u00e0 des tiers mandat\u00e9s pour remplir des t\u00e2ches d\u2019ordre publicitaire et associ\u00e9es au service, sans que ces derniers ne soient autoris\u00e9s \u00e0 les utiliser ou \u00e0 les transmettre pour leur propre usage.<\/p>\n<\/div>\n    <\/div>\n    <\/div>\n","protected":false},"excerpt":{"rendered":"","protected":false},"author":1,"featured_media":0,"parent":0,"menu_order":0,"comment_status":"closed","ping_status":"closed","template":"","meta":{"_acf_changed":false,"inline_featured_image":false,"footnotes":""},"class_list":["post-9340","page","type-page","status-publish","hentry"],"acf":[],"_links":{"self":[{"href":"https:\/\/www.mypellets.at\/fr\/wp-json\/wp\/v2\/pages\/9340","targetHints":{"allow":["GET"]}}],"collection":[{"href":"https:\/\/www.mypellets.at\/fr\/wp-json\/wp\/v2\/pages"}],"about":[{"href":"https:\/\/www.mypellets.at\/fr\/wp-json\/wp\/v2\/types\/page"}],"author":[{"embeddable":true,"href":"https:\/\/www.mypellets.at\/fr\/wp-json\/wp\/v2\/users\/1"}],"replies":[{"embeddable":true,"href":"https:\/\/www.mypellets.at\/fr\/wp-json\/wp\/v2\/comments?post=9340"}],"version-history":[{"count":8,"href":"https:\/\/www.mypellets.at\/fr\/wp-json\/wp\/v2\/pages\/9340\/revisions"}],"predecessor-version":[{"id":14550,"href":"https:\/\/www.mypellets.at\/fr\/wp-json\/wp\/v2\/pages\/9340\/revisions\/14550"}],"wp:attachment":[{"href":"https:\/\/www.mypellets.at\/fr\/wp-json\/wp\/v2\/media?parent=9340"}],"curies":[{"name":"wp","href":"https:\/\/api.w.org\/{rel}","templated":true}]}}