{"id":9355,"date":"2023-08-25T13:47:15","date_gmt":"2023-08-25T11:47:15","guid":{"rendered":"https:\/\/www.mypellets.at\/qualitat\/"},"modified":"2025-10-16T17:05:14","modified_gmt":"2025-10-16T15:05:14","slug":"qualite","status":"publish","type":"page","link":"https:\/\/www.mypellets.at\/fr\/qualite\/","title":{"rendered":"Qualit\u00e9"},"content":{"rendered":"\n<div class=\"hidden bg-light bg-dark text-yellow text-secondary\"><\/div>\n\n<div  class=\"trnc-images-text trnc-full trnc-content bg-lightlight w-fullwidth px-4 py-16 flex justify-center items-center overflow-hidden\">\n    <div class=\"container mx-auto lg:grid grid-cols-1 grid-rows-2 gap-8 lg:grid-cols-3 lg:grid-rows-1\">\n        <div class=\"flex-1 flex flex-col justify-center items-center col-span-2\">\n            <div class=\"text-left trnc-reveal\">\n                <div class=\"trnc-grid-img grid gap-12\">\n                <img loading=\"lazy\" decoding=\"async\" width=\"242\" height=\"162\" src=\"https:\/\/www.mypellets.at\/wp-content\/uploads\/2023\/10\/Ebene_1-8.svg\" class=\"w-auto h-auto object-cover\" alt=\"\" \/>      <img loading=\"lazy\" decoding=\"async\" width=\"139\" height=\"139\" src=\"https:\/\/www.mypellets.at\/wp-content\/uploads\/2023\/10\/Ebene_1-5.svg\" class=\"w-auto h-auto object-cover\" alt=\"\" \/>                <\/div>\n                <p class=\"text-yellow font-bold font-30 lg:text-6xl leading-none py-6\">\n                    Notre qualit\u00e9 d\u00e9passe les exigences d\u00e9finies par les cat\u00e9gories de qualit\u00e9 europ\u00e9ennes les plus \u00e9lev\u00e9es.                <\/p>\n            <\/div>\n        <\/div>\n        <div class=\"flex-1 flex items-center justify-end trnc-reveal trnc-reveal--fromRight\">\n            <img loading=\"lazy\" decoding=\"async\" width=\"305\" height=\"452\" src=\"https:\/\/www.mypellets.at\/wp-content\/uploads\/2023\/10\/quaritsch-photography-Uj6K44po4jw-unsplash-1-1-1.jpg\" class=\"w-auto h-auto object-cover\" alt=\"Forststra\u00dfe durch den Wald.\" srcset=\"https:\/\/www.mypellets.at\/wp-content\/uploads\/2023\/10\/quaritsch-photography-Uj6K44po4jw-unsplash-1-1-1.jpg 305w, https:\/\/www.mypellets.at\/wp-content\/uploads\/2023\/10\/quaritsch-photography-Uj6K44po4jw-unsplash-1-1-1-202x300.jpg 202w\" sizes=\"auto, (max-width: 305px) 100vw, 305px\" \/>        <\/div>\n    <\/div>\n<\/div>\n\n\n<div  \n    class=\"trnc-column-img-text-stacked \n    trnc-fullwidth-with-image trnc-full trnc-content\n    w-fullwidth py-16\n    flex justify-center items-center \n    overflow-hidden\">\n    <div class=\"container mx-auto md:pb-14\">\n        <div class=\"flex-1 md:w80 md:flex flex-col justify-center items-center\">\n        <div class=\"text-left trnc-reveal\">\n            <div class=\"text-yellow uppercase break-words font-bold font-30 md:font-48 mb-8\">DES R\u00c9SIDUS DE CENDRE EN FAIBLE QUANTIT\u00c9 POUR UN SYST\u00c8ME DE CHAUFFAGE DURABLE<\/div>\n            <div class=\"text-yellow font-bold font-30 \"><p>Les granul\u00e9s de mauvaise qualit\u00e9 peuvent encrasser et endommager irr\u00e9m\u00e9diablement votre syst\u00e8me de chauffage. Les r\u00e9sidus naturels de suie et de cendre que produisent nos granul\u00e9s sont bien inf\u00e9rieurs aux 0,70 % qu\u2019exige la meilleure cat\u00e9gorie de qualit\u00e9 europ\u00e9enne. Avec \u00ab My Pellets \u00bb votre syst\u00e8me de chauffage a une dur\u00e9e de vie plus longue. Nos granul\u00e9s vous \u00e9viteront aussi des r\u00e9parations co\u00fbteuses et vous offriront une chaleur agr\u00e9able et naturelle.<\/p>\n<\/div>\n            <div class=\"wp-block-button mt-8\">\n                <a href=\"https:\/\/www.mypellets.at\/fr\/produits\/\" class=\"border-4 border-yellow uppercase rounded-3xl px-4 font-28 font-bold button-yellow block text-center w-fit\" target=\"\">Produits<\/a>            <\/div>\n        <\/div>\n    <\/div>\n    <\/div>\n<\/div>\n\n\n\n<div class=\"hidden bg-light bg-dark text-yellow\"><\/div>\n<div  class=\"trnc-headline-img-with-subtext trnc-centered-with-image trnc-full trnc-content w-fullwidth ml-[50%] translate-x-[-50%] md:px-4 py-8 pl-4 pr-4 flex justify-center items-center bg-lightlight\">\n    <div class=\"flex-1 flex flex-col justify-center items-center gap-12 trnc-reveal\">\n        <div class=\"text-center\">\n                    <img loading=\"lazy\" decoding=\"async\" width=\"467\" height=\"262\" src=\"https:\/\/www.mypellets.at\/wp-content\/uploads\/2023\/10\/Button-Menue-ueber-Bild.svg\" class=\"m-auto py-6 h-full lg:max-w-[400px] object-cover\" alt=\"\" \/>            <div class=\"lg:tracking-widest font-bold text-yellow uppercase mb-12\">TENEUR EN CENDRE INF\u00c9RIEURE \u00c0 0,5 %<br \/>\r\nPOUR UN SYST\u00c8ME DE CHAUFFAGE DURABLE<br \/>\r\n<br \/><\/div>\n        <\/div>\n    <\/div>\n<\/div>\n\n\n\n<div  \n    class=\"trnc-column-img-text-stacked \n    trnc-fullwidth-with-image trnc-full trnc-content\n    w-fullwidth py-16\n    flex justify-center items-center \n    overflow-hidden\">\n    <div class=\"container mx-auto md:pb-14\">\n            <div class=\"flex-1 flex items-center justify-center trnc-reveal trnc-reveal--fromRight mb-10\">\n            <img loading=\"lazy\" decoding=\"async\" width=\"195\" height=\"292\" src=\"https:\/\/www.mypellets.at\/wp-content\/uploads\/2023\/10\/My_Pellets-39-1.png\" class=\"w-auto h-auto object-cover\" alt=\"\" \/>        <\/div>\n        <div class=\"flex-1 md:w80 md:flex flex-col justify-center items-center\">\n        <div class=\"text-left trnc-reveal\">\n            <div class=\"text-yellow uppercase break-words font-bold font-30 md:font-48 mb-8\">LES MEILLEURS BOIS,<br \/>\r\nLES MEILLEURES VALEURS \u00c9NERG\u00c9TIQUES<br \/>\r\n<\/div>\n            <div class=\"text-yellow font-bold font-30 \"><p>Nous n\u2019optimisons pas seulement nos granul\u00e9s : nous veillons aussi \u00e0 ce que les trajets effectu\u00e9s en Autriche et en Europe soient tra\u00e7ables et r\u00e9duits pour ensuite diminuer non seulement le prix, mais aussi les \u00e9missions de CO\u2082 de nos productions.<\/p>\n<\/div>\n            <div class=\"wp-block-button mt-8\">\n                            <\/div>\n        <\/div>\n    <\/div>\n    <\/div>\n<\/div>\n\n\n\n<div  \n    class=\"trnc-column-img-text-stacked \n    trnc-fullwidth-with-image trnc-full trnc-content\n    w-fullwidth py-16\n    flex justify-center items-center \n    overflow-hidden\">\n    <div class=\"container mx-auto md:pb-14\">\n            <div class=\"flex-1 flex items-center justify-center trnc-reveal trnc-reveal--fromRight mb-10\">\n            <img loading=\"lazy\" decoding=\"async\" width=\"2400\" height=\"1797\" src=\"https:\/\/www.mypellets.at\/wp-content\/uploads\/2025\/10\/josh-withers-eM3lM1Xbq14-unsplash.jpg\" class=\"w-auto h-auto object-cover\" alt=\"Stra\u00dfe durch einen Nadelwald, Luftaufnahme.\" srcset=\"https:\/\/www.mypellets.at\/wp-content\/uploads\/2025\/10\/josh-withers-eM3lM1Xbq14-unsplash.jpg 2400w, https:\/\/www.mypellets.at\/wp-content\/uploads\/2025\/10\/josh-withers-eM3lM1Xbq14-unsplash-300x225.jpg 300w, https:\/\/www.mypellets.at\/wp-content\/uploads\/2025\/10\/josh-withers-eM3lM1Xbq14-unsplash-1024x767.jpg 1024w, https:\/\/www.mypellets.at\/wp-content\/uploads\/2025\/10\/josh-withers-eM3lM1Xbq14-unsplash-768x575.jpg 768w, https:\/\/www.mypellets.at\/wp-content\/uploads\/2025\/10\/josh-withers-eM3lM1Xbq14-unsplash-1536x1150.jpg 1536w, https:\/\/www.mypellets.at\/wp-content\/uploads\/2025\/10\/josh-withers-eM3lM1Xbq14-unsplash-2048x1533.jpg 2048w, https:\/\/www.mypellets.at\/wp-content\/uploads\/2025\/10\/josh-withers-eM3lM1Xbq14-unsplash-600x449.jpg 600w\" sizes=\"auto, (max-width: 2400px) 100vw, 2400px\" \/>        <\/div>\n        <div class=\"flex-1 md:w80 md:flex flex-col justify-center items-center\">\n        <div class=\"text-left trnc-reveal\">\n            <div class=\"text-yellow uppercase break-words font-bold font-30 md:font-48 mb-8\">LOGISTIQUE OPTIMIS\u00c9E<br \/>\r\nTRAJETS COURTS<br \/>\r\n<\/div>\n            <div class=\"text-yellow font-bold font-30 \"><p>Nos granul\u00e9s sont exclusivement compress\u00e9s \u00e0 partir des meilleurs bois d\u2019\u00e9pic\u00e9a et de sapin. Seules ces essences de bois garantissent une valeur \u00e9nerg\u00e9tique maximale, pour une combustion neutre pour le climat. Toutes les productions sont continuellement soumises \u00e0 des contr\u00f4les internes et externes et ont une certification FSC ou PEFC.<\/p>\n<\/div>\n            <div class=\"wp-block-button mt-8\">\n                <a href=\"https:\/\/www.mypellets.at\/wp-content\/uploads\/2023\/11\/CO2-2022_My-Pellets-Handels-GmbH_626478_AT_02882.pdf\" class=\"border-4 border-yellow uppercase rounded-3xl px-4 font-28 font-bold button-yellow block text-center w-fit\" target=\"_blank\">CERTIFICAT CO2 LKW WALTER<\/a>            <\/div>\n        <\/div>\n    <\/div>\n    <\/div>\n<\/div>\n\n\n\n<div  class=\"trnc-icon-text py-24\">\n    <div class=\"container md:w850 mx-auto lg:grid grid-cols-1 grid-rows-2 gap-8 lg:grid-cols-4 lg:grid-rows-1\">\n        <div class=\"lg:col-span-1 flex items-start justify-center trnc-reveal trnc-reveal--fromLeft md:mb-0 mb-6\">\n                            <img loading=\"lazy\" decoding=\"async\" width=\"242\" height=\"162\" src=\"https:\/\/www.mypellets.at\/wp-content\/uploads\/2023\/10\/Ebene_1-8.svg\" class=\"w-auto h-auto object-cover\" alt=\"\" \/>                    <\/div>\n        <div class=\"lg:col-span-3 flex items-center trnc-reveal trnc-reveal--fromRight\">\n            <div class=\"text-left\">\n                <div class=\"text-yellow font-bold font-20\">EN plus est une certification de qualit\u00e9 mondiale destin\u00e9e aux granul\u00e9s de bois. Un organisme de contr\u00f4le ind\u00e9pendant v\u00e9rifie l\u2019origine et la qualit\u00e9 du traitement des installations de l\u2019entreprise. Ce contr\u00f4le est effectu\u00e9 une fois par an et permet d\u2019obtenir des produits \u00e0 base de granul\u00e9s de qualit\u00e9 \u00e9lev\u00e9e. Nos exigences de qualit\u00e9 en mati\u00e8re de produits vont toutefois bien au-del\u00e0 du certificat. Nous veillons \u00e0 ce que notre syst\u00e8me \u00e9cologique et votre syst\u00e8me de chauffage aient la meilleure qualit\u00e9 possible.<br \/>\r\nCERTIFICAT ENPLUS<br \/>\r\n<\/div>\n      \n            <div class=\"wp-block-button mt-8\">\n                 <a href=\"https:\/\/www.mypellets.at\/wp-content\/uploads\/2023\/11\/ENplus_Certifikat-HFA-0159_AT312-_-2026.pdf\" class=\"border-4 border-yellow uppercase rounded-3xl px-4 font-28 font-bold button-yellow block text-center w-fit\" target=\"_blank\">CERTIFICAT ENPLUS<\/a>  <\/div>\n        <\/div>\n        <\/div>\n    <\/div>\n<\/div>\n\n\n\n<div  class=\"trnc-icon-text py-24\">\n    <div class=\"container md:w850 mx-auto lg:grid grid-cols-1 grid-rows-2 gap-8 lg:grid-cols-4 lg:grid-rows-1\">\n        <div class=\"lg:col-span-1 flex items-start justify-center trnc-reveal trnc-reveal--fromLeft md:mb-0 mb-6\">\n                            <img loading=\"lazy\" decoding=\"async\" width=\"139\" height=\"139\" src=\"https:\/\/www.mypellets.at\/wp-content\/uploads\/2023\/10\/Ebene_1-5.svg\" class=\"w-auto h-auto object-cover\" alt=\"\" \/>                    <\/div>\n        <div class=\"lg:col-span-3 flex items-center trnc-reveal trnc-reveal--fromRight\">\n            <div class=\"text-left\">\n                <div class=\"text-yellow font-bold font-20\">La transition \u00e9nerg\u00e9tique en mati\u00e8re de chauffage incarne la vision et l\u2019objectif que s\u2019est fix\u00e9 proPellets. En Autriche, les \u00e9nergies fossiles produisent environ 70 % de la chaleur utilis\u00e9e pour chauffer les b\u00e2timents. Avec les granul\u00e9s, notre objectif est de contribuer fortement \u00e0 ce qu\u2019en Autriche, les \u00e9nergies renouvelables remplacent les \u00e9nergies fossiles.<\/div>\n      \n            <div class=\"wp-block-button mt-8\">\n                 <a href=\"https:\/\/www.propellets.at\/\" class=\"border-4 border-yellow uppercase rounded-3xl px-4 font-28 font-bold button-yellow block text-center w-fit\" target=\"_blank\">proPellets<\/a>  <\/div>\n        <\/div>\n        <\/div>\n    <\/div>\n<\/div>\n","protected":false},"excerpt":{"rendered":"","protected":false},"author":1,"featured_media":0,"parent":0,"menu_order":0,"comment_status":"closed","ping_status":"closed","template":"","meta":{"_acf_changed":false,"inline_featured_image":false,"footnotes":""},"class_list":["post-9355","page","type-page","status-publish","hentry"],"acf":[],"_links":{"self":[{"href":"https:\/\/www.mypellets.at\/fr\/wp-json\/wp\/v2\/pages\/9355","targetHints":{"allow":["GET"]}}],"collection":[{"href":"https:\/\/www.mypellets.at\/fr\/wp-json\/wp\/v2\/pages"}],"about":[{"href":"https:\/\/www.mypellets.at\/fr\/wp-json\/wp\/v2\/types\/page"}],"author":[{"embeddable":true,"href":"https:\/\/www.mypellets.at\/fr\/wp-json\/wp\/v2\/users\/1"}],"replies":[{"embeddable":true,"href":"https:\/\/www.mypellets.at\/fr\/wp-json\/wp\/v2\/comments?post=9355"}],"version-history":[{"count":28,"href":"https:\/\/www.mypellets.at\/fr\/wp-json\/wp\/v2\/pages\/9355\/revisions"}],"predecessor-version":[{"id":14541,"href":"https:\/\/www.mypellets.at\/fr\/wp-json\/wp\/v2\/pages\/9355\/revisions\/14541"}],"wp:attachment":[{"href":"https:\/\/www.mypellets.at\/fr\/wp-json\/wp\/v2\/media?parent=9355"}],"curies":[{"name":"wp","href":"https:\/\/api.w.org\/{rel}","templated":true}]}}