{"id":9396,"date":"2023-08-25T13:49:16","date_gmt":"2023-08-25T11:49:16","guid":{"rendered":"https:\/\/www.mypellets.at\/widerrufsbelehrung\/"},"modified":"2024-01-25T14:35:04","modified_gmt":"2024-01-25T13:35:04","slug":"widerrufsbelehrung","status":"publish","type":"page","link":"https:\/\/www.mypellets.at\/fr\/widerrufsbelehrung\/","title":{"rendered":"Informations sur le droit de r\u00e9tractation"},"content":{"rendered":"\n<div  class=\"trnc-fullwidth-text container py-10 trnc-full md:px-4 mx-auto\">\n    <div class=\"text-left\">\n            <h1 class=\"text-yellow font-bold py-12\">Informations sur le droit de r\u00e9tractation<\/h1>\n                <div class=\"text-yellow font-bold text-regular\"><p>Informations sur l\u2019exercice du droit de r\u00e9tractation en cas de contrat de vente portant sur la livraison d\u2019une ou de plusieurs marchandises en un seul envoi \u2013 Informations sur le droit de r\u00e9tractation \u2013 Droit de r\u00e9tractation<\/p>\n<p>Vous avez le droit de vous r\u00e9tracter du pr\u00e9sent contrat dans un d\u00e9lai de <strong>quatorze jours<\/strong> et de fa\u00e7on non motiv\u00e9e.<\/p>\n<p>Le d\u00e9lai de r\u00e9tractation est de quatorze jours \u00e0 partir du jour o\u00f9 vous ou un tiers que vous avez d\u00e9sign\u00e9 et qui n\u2019agit pas en tant que transporteur avez\/a pris possession des marchandises.<\/p>\n<p>Pour exercer votre droit de r\u00e9tractation, vous devez nous informer de votre d\u00e9cision de vous r\u00e9tracter du pr\u00e9sent contrat au moyen d\u2019une d\u00e9claration univoque envoy\u00e9e \u00e0 My\u00a0Pellets Handels\u00a0GmbH, Hoermsdorf\u00a0190, A-8552\u00a0Eibiswald (Autriche)\u00a0; <a href=\"mailto:premium@mypellets.at\">premium@mypellets.at<\/a>;<\/p>\n<p><strong>T\u00e9l. +43\u00a03466\u00a042704.<\/strong> Cette d\u00e9claration peut \u00eatre envoy\u00e9e par la poste ou par courrier \u00e9lectronique. Vous pouvez utiliser \u00e0 cet effet le formulaire de r\u00e9tractation. L\u2019utilisation de ce document n\u2019est toutefois pas prescrit.<\/p>\n<p>Vous pouvez \u00e9galement remplir et transmettre sur notre site Internet le mod\u00e8le de formulaire de r\u00e9tractation ou toute autre d\u00e9claration univoque. Nous vous enverrons alors et sans d\u00e9lai (p.\u00a0ex. par e-mail) un accus\u00e9 de r\u00e9ception de ladite r\u00e9tractation.<\/p>\n<p>Pour que le d\u00e9lai de r\u00e9tractation soit respect\u00e9, il vous suffit d\u2019envoyer l\u2019avis relatif \u00e0 l\u2019exercice du droit de r\u00e9tractation avant l\u2019expiration dudit d\u00e9lai.<\/p>\n<p><strong>Cons\u00e9quences de la r\u00e9tractation<\/strong><\/p>\n<p>En cas de r\u00e9tractation du pr\u00e9sent contrat, nous vous remboursons tous les r\u00e8glements que vous nous avez envoy\u00e9s, y compris les frais de livraison (\u00e0 l\u2019exception des frais suppl\u00e9mentaires li\u00e9s au choix de votre part d\u2019un mode de livraison autre que le mode de livraison standard moins co\u00fbteux que nous avons propos\u00e9). Ce remboursement est effectu\u00e9 sans d\u00e9lai et au plus tard quatorze jours \u00e0 compter du jour o\u00f9 nous sommes inform\u00e9s de votre d\u00e9cision de vous r\u00e9tracter du pr\u00e9sent contrat. Nous utilisons pour ce <strong>remboursement<\/strong> le m\u00eame moyen de paiement que celui que vous avez utilis\u00e9 pour la transaction<\/p>\n<p>initiale, sauf s\u2019il en a \u00e9t\u00e9 explicitement convenu autrement avec vous. En aucun cas, des frais ne vous sont factur\u00e9s au titre de ce remboursement.<\/p>\n<p>Nous pouvons refuser le remboursement jusqu\u2019\u00e0 ce que nous ayons r\u00e9cup\u00e9r\u00e9 les marchandises ou jusqu\u2019\u00e0 ce que vous ayez prouv\u00e9 que vous avez renvoy\u00e9 les marchandises, la date retenue \u00e9tant celle de l\u2019\u00e9v\u00e9nement survenu en premier.<\/p>\n<\/div>\n    <\/div>\n        <div class=\"wp-block-button text-left\">\n      <a href=\"https:\/\/www.mypellets.at\/wp-content\/uploads\/2023\/09\/20200928_MPP_web_Widerrufsformular.pdf\" class=\"border-4 border-yellow uppercase rounded-3xl px-4 text-large lg:text-medium font-bold button-yellow\" target=\"_blank\">T\u00c9L\u00c9CHARGER LE FORMULAIRE<\/a>    <\/div>\n<\/div>\n","protected":false},"excerpt":{"rendered":"","protected":false},"author":1,"featured_media":0,"parent":0,"menu_order":0,"comment_status":"closed","ping_status":"closed","template":"","meta":{"_acf_changed":false,"inline_featured_image":false,"footnotes":""},"class_list":["post-9396","page","type-page","status-publish","hentry"],"acf":[],"_links":{"self":[{"href":"https:\/\/www.mypellets.at\/fr\/wp-json\/wp\/v2\/pages\/9396","targetHints":{"allow":["GET"]}}],"collection":[{"href":"https:\/\/www.mypellets.at\/fr\/wp-json\/wp\/v2\/pages"}],"about":[{"href":"https:\/\/www.mypellets.at\/fr\/wp-json\/wp\/v2\/types\/page"}],"author":[{"embeddable":true,"href":"https:\/\/www.mypellets.at\/fr\/wp-json\/wp\/v2\/users\/1"}],"replies":[{"embeddable":true,"href":"https:\/\/www.mypellets.at\/fr\/wp-json\/wp\/v2\/comments?post=9396"}],"version-history":[{"count":24,"href":"https:\/\/www.mypellets.at\/fr\/wp-json\/wp\/v2\/pages\/9396\/revisions"}],"predecessor-version":[{"id":9746,"href":"https:\/\/www.mypellets.at\/fr\/wp-json\/wp\/v2\/pages\/9396\/revisions\/9746"}],"wp:attachment":[{"href":"https:\/\/www.mypellets.at\/fr\/wp-json\/wp\/v2\/media?parent=9396"}],"curies":[{"name":"wp","href":"https:\/\/api.w.org\/{rel}","templated":true}]}}