{"id":2595,"date":"2023-08-25T13:47:22","date_gmt":"2023-08-25T11:47:22","guid":{"rendered":"https:\/\/www.mypellets.at\/uber-uns\/"},"modified":"2023-11-14T15:04:11","modified_gmt":"2023-11-14T14:04:11","slug":"chi-siamo","status":"publish","type":"page","link":"https:\/\/www.mypellets.at\/it\/chi-siamo\/","title":{"rendered":"Chi siamo"},"content":{"rendered":"\n<div  \n    class=\"trnc-column-img-text-stacked \n    trnc-fullwidth-with-image trnc-full trnc-content\n    w-fullwidth py-16\n    flex justify-center items-center \n    overflow-hidden\">\n    <div class=\"container mx-auto md:pb-14\">\n            <div class=\"flex-1 flex items-center justify-center trnc-reveal trnc-reveal--fromRight mb-10\">\n            <img loading=\"lazy\" decoding=\"async\" width=\"194\" height=\"292\" src=\"https:\/\/www.mypellets.at\/wp-content\/uploads\/2023\/10\/My_Pellets-31_2023-1.png\" class=\"w-auto h-auto object-cover\" alt=\"\" \/>        <\/div>\n        <div class=\"flex-1 md:w80 md:flex flex-col justify-center items-center\">\n        <div class=\"text-left trnc-reveal\">\n            <div class=\"text-yellow uppercase break-words font-bold font-30 md:font-48 mb-8\">IL PRODUTTORE DI QUALIT\u00c0<br \/>\r\nDALL&#8217;AUSTRIA<\/div>\n            <div class=\"text-yellow font-bold font-30 \"><p>Matthias Kroell lavora dal 1995 con pellet premium realizzato con materie prime rinnovabili. Matthias Kr\u00f6ll, in qualit\u00e0 di proprietario e amministratore delegato, commercia con il proprio marchio dal 2012. Da allora ha ampliato la gamma di prodotti insieme alle migliori aziende europee. \u00bbMy Pellets\u00ab \u00e8 conosciuto dai clienti di tutta Europa come prodotto di prima qualit\u00e0 ed \u00e8 riconosciuto come marchio austriaco.<\/p>\n<\/div>\n            <div class=\"wp-block-button mt-8\">\n                <a href=\"https:\/\/www.mypellets.at\/it\/qualita\/\" class=\"border-4 border-yellow uppercase rounded-3xl px-4 font-28 font-bold button-yellow block text-center w-fit\" target=\"\">Qualit\u00e0<\/a>            <\/div>\n        <\/div>\n    <\/div>\n    <\/div>\n<\/div>\n\n\n\n<div  \n    class=\"trnc-column-img-text-stacked \n    trnc-fullwidth-with-image trnc-full trnc-content\n    w-fullwidth py-16\n    flex justify-center items-center \n    overflow-hidden\">\n    <div class=\"container mx-auto md:pb-14\">\n            <div class=\"flex-1 flex items-center justify-center trnc-reveal trnc-reveal--fromRight mb-10\">\n            <img loading=\"lazy\" decoding=\"async\" width=\"371\" height=\"247\" src=\"https:\/\/www.mypellets.at\/wp-content\/uploads\/2023\/11\/mypellets_044-1.jpg\" class=\"w-auto h-auto object-cover\" alt=\"\" srcset=\"https:\/\/www.mypellets.at\/wp-content\/uploads\/2023\/11\/mypellets_044-1.jpg 371w, https:\/\/www.mypellets.at\/wp-content\/uploads\/2023\/11\/mypellets_044-1-300x200.jpg 300w\" sizes=\"auto, (max-width: 371px) 100vw, 371px\" \/>        <\/div>\n        <div class=\"flex-1 md:w80 md:flex flex-col justify-center items-center\">\n        <div class=\"text-left trnc-reveal\">\n            <div class=\"text-yellow uppercase break-words font-bold font-30 md:font-48 mb-8\">Quelli perfetti<br \/>\r\nProdotti<\/div>\n            <div class=\"text-yellow font-bold font-30 \"><p>In 30 anni di sviluppo e ricerca di prodotti, abbiamo migliorato e ottimizzato i nostri pellet. L&#8217;obiettivo \u00e8 la massima qualit\u00e0 del prodotto. Ampliamo costantemente la nostra gamma per adattarla idealmente alle esigenze dei diversi mercati. I prodotti sono venduti in tutta Europa, principalmente in Italia e Austria. I miei Pellet vengono prodotti principalmente in Austria e Repubblica Ceca in aziende selezionate.<\/p>\n<\/div>\n            <div class=\"wp-block-button mt-8\">\n                <a href=\"https:\/\/www.mypellets.at\/it\/prodotti\/\" class=\"border-4 border-yellow uppercase rounded-3xl px-4 font-28 font-bold button-yellow block text-center w-fit\" target=\"\">Prodotti<\/a>            <\/div>\n        <\/div>\n    <\/div>\n    <\/div>\n<\/div>\n\n\n\n<div  class=\"trnc-banner-headline trnc-full trnc-content w-full trnc-centered-with-image trnc-full text-yellow trnc-content bg-light \n    w-fullwidth py-40 md:px-4 flex justify-center items-center\" style=\"background-image:url(https:\/\/www.mypellets.at\/wp-content\/uploads\/2023\/09\/My_Pellets-37-1.jpg); background-repeat: no-repeat; background-position: center;\n    background-size: cover;\">\n    <div class=\"container flex-1 flex flex-col justify-center items-center gap-12  trnc-reveal\">\n        <div class=\"text-center md:w80 \">\n            <h4 class=\"tracking-widest text-lg uppercase text-yellow mb-12 font-bold\">\n                <br \/><\/h4>\n            <div class=\"text-yellow font-bold font-30\">\n                L&#8217;obiettivo di My Pellets \u00e8 quello di commercializzare prodotti di alta qualit\u00e0 che non solo comunichino superficialmente la sostenibilit\u00e0, ma la integrino anche sensibilmente nella vita. Prodotti che rappresentano una situazione vantaggiosa per le persone e la natura. Per fare questo controlliamo costantemente la qualit\u00e0 del legno, ottimizziamo i percorsi di consegna e garantiamo impianti di riscaldamento duraturi.            <\/div>\n            <div class=\"wp-block-button mt-16\">\n                            <\/div>\n        <\/div>\n    <\/div>\n<\/div>\n\n\n<div  \n    class=\"trnc-column-img-text-stacked \n    trnc-fullwidth-with-image trnc-full trnc-content\n    w-fullwidth py-16\n    flex justify-center items-center \n    overflow-hidden\">\n    <div class=\"container mx-auto md:pb-14\">\n            <div class=\"flex-1 flex items-center justify-center trnc-reveal trnc-reveal--fromRight mb-10\">\n            <img loading=\"lazy\" decoding=\"async\" width=\"192\" height=\"289\" src=\"https:\/\/www.mypellets.at\/wp-content\/uploads\/2023\/09\/My_Pellets-35-1.png\" class=\"w-auto h-auto object-cover\" alt=\"\" \/>        <\/div>\n        <div class=\"flex-1 md:w80 md:flex flex-col justify-center items-center\">\n        <div class=\"text-left trnc-reveal\">\n            <div class=\"text-yellow uppercase break-words font-bold font-30 md:font-48 mb-8\">Questo \u00e8 il servizio<\/div>\n            <div class=\"text-yellow font-bold font-30 \"><p>Dalla creazione di My Pellets, abbiamo lavorato a stretto contatto con i nostri rivenditori, rimanendo accessibili e garantendo la migliore qualit\u00e0 ai nostri clienti. Inoltre, lavoriamo a stretto contatto con i produttori di sistemi di riscaldamento per garantire un servizio e una longevit\u00e0 ottimali. Rinomati produttori di riscaldamento consigliano My Premium Pellets.<\/p>\n<\/div>\n            <div class=\"wp-block-button mt-8\">\n                <a href=\"https:\/\/www.mypellets.at\/it\/contatti\/\" class=\"border-4 border-yellow uppercase rounded-3xl px-4 font-28 font-bold button-yellow block text-center w-fit\" target=\"\">Contatti<\/a>            <\/div>\n        <\/div>\n    <\/div>\n    <\/div>\n<\/div>\n\n\n\n<div  \n    class=\"trnc-column-img-text-stacked \n    trnc-fullwidth-with-image trnc-full trnc-content\n    w-fullwidth py-16\n    flex justify-center items-center \n    overflow-hidden\">\n    <div class=\"container mx-auto md:pb-14\">\n            <div class=\"flex-1 flex items-center justify-center trnc-reveal trnc-reveal--fromRight mb-10\">\n            <img loading=\"lazy\" decoding=\"async\" width=\"195\" height=\"292\" src=\"https:\/\/www.mypellets.at\/wp-content\/uploads\/2023\/11\/mypellets_0499-1.jpg\" class=\"w-auto h-auto object-cover\" alt=\"\" \/>        <\/div>\n        <div class=\"flex-1 md:w80 md:flex flex-col justify-center items-center\">\n        <div class=\"text-left trnc-reveal\">\n            <div class=\"text-yellow uppercase break-words font-bold font-30 md:font-48 mb-8\">Ordinazione semplice, consegna veloce, qualit\u00e0 costante<\/div>\n            <div class=\"text-yellow font-bold font-30 \"><p>Nel nostro nuovissimo negozio online puoi ordinare direttamente da noi in modo semplice ed economico. La nostra qualit\u00e0 costante e le consegne puntuali e prive di polvere deliziano i nostri clienti da anni.<\/p>\n<\/div>\n            <div class=\"wp-block-button mt-8\">\n                <a href=\"https:\/\/www.mypellets.at\/it\/prodotti\/\" class=\"border-4 border-yellow uppercase rounded-3xl px-4 font-28 font-bold button-yellow block text-center w-fit\" target=\"_blank\">Prodotti<\/a>            <\/div>\n        <\/div>\n    <\/div>\n    <\/div>\n<\/div>\n","protected":false},"excerpt":{"rendered":"","protected":false},"author":1,"featured_media":0,"parent":0,"menu_order":0,"comment_status":"closed","ping_status":"closed","template":"","meta":{"_acf_changed":false,"inline_featured_image":false,"footnotes":""},"class_list":["post-2595","page","type-page","status-publish","hentry"],"acf":[],"_links":{"self":[{"href":"https:\/\/www.mypellets.at\/it\/wp-json\/wp\/v2\/pages\/2595","targetHints":{"allow":["GET"]}}],"collection":[{"href":"https:\/\/www.mypellets.at\/it\/wp-json\/wp\/v2\/pages"}],"about":[{"href":"https:\/\/www.mypellets.at\/it\/wp-json\/wp\/v2\/types\/page"}],"author":[{"embeddable":true,"href":"https:\/\/www.mypellets.at\/it\/wp-json\/wp\/v2\/users\/1"}],"replies":[{"embeddable":true,"href":"https:\/\/www.mypellets.at\/it\/wp-json\/wp\/v2\/comments?post=2595"}],"version-history":[{"count":5,"href":"https:\/\/www.mypellets.at\/it\/wp-json\/wp\/v2\/pages\/2595\/revisions"}],"predecessor-version":[{"id":2602,"href":"https:\/\/www.mypellets.at\/it\/wp-json\/wp\/v2\/pages\/2595\/revisions\/2602"}],"wp:attachment":[{"href":"https:\/\/www.mypellets.at\/it\/wp-json\/wp\/v2\/media?parent=2595"}],"curies":[{"name":"wp","href":"https:\/\/api.w.org\/{rel}","templated":true}]}}