{"id":2603,"date":"2023-08-25T13:47:15","date_gmt":"2023-08-25T11:47:15","guid":{"rendered":"https:\/\/www.mypellets.at\/qualitat\/"},"modified":"2025-10-16T17:05:36","modified_gmt":"2025-10-16T15:05:36","slug":"qualita","status":"publish","type":"page","link":"https:\/\/www.mypellets.at\/it\/qualita\/","title":{"rendered":"Qualit\u00e0"},"content":{"rendered":"\n<div class=\"hidden bg-light bg-dark text-yellow text-secondary\"><\/div>\n\n<div  class=\"trnc-images-text trnc-full trnc-content bg-lightlight w-fullwidth px-4 py-16 flex justify-center items-center overflow-hidden\">\n    <div class=\"container mx-auto lg:grid grid-cols-1 grid-rows-2 gap-8 lg:grid-cols-3 lg:grid-rows-1\">\n        <div class=\"flex-1 flex flex-col justify-center items-center col-span-2\">\n            <div class=\"text-left trnc-reveal\">\n                <div class=\"trnc-grid-img grid gap-12\">\n                <img loading=\"lazy\" decoding=\"async\" width=\"242\" height=\"162\" src=\"https:\/\/www.mypellets.at\/wp-content\/uploads\/2023\/10\/Ebene_1-8.svg\" class=\"w-auto h-auto object-cover\" alt=\"\" \/>      <img loading=\"lazy\" decoding=\"async\" width=\"139\" height=\"139\" src=\"https:\/\/www.mypellets.at\/wp-content\/uploads\/2023\/10\/Ebene_1-5.svg\" class=\"w-auto h-auto object-cover\" alt=\"\" \/>                <\/div>\n                <p class=\"text-yellow font-bold font-30 lg:text-6xl leading-none py-6\">\n                    La nostra qualit\u00e0 supera i requisiti delle pi\u00f9 alte classi di qualit\u00e0 europee.                <\/p>\n            <\/div>\n        <\/div>\n        <div class=\"flex-1 flex items-center justify-end trnc-reveal trnc-reveal--fromRight\">\n            <img loading=\"lazy\" decoding=\"async\" width=\"305\" height=\"452\" src=\"https:\/\/www.mypellets.at\/wp-content\/uploads\/2023\/10\/quaritsch-photography-Uj6K44po4jw-unsplash-1-1-1.jpg\" class=\"w-auto h-auto object-cover\" alt=\"Forststra\u00dfe durch den Wald.\" srcset=\"https:\/\/www.mypellets.at\/wp-content\/uploads\/2023\/10\/quaritsch-photography-Uj6K44po4jw-unsplash-1-1-1.jpg 305w, https:\/\/www.mypellets.at\/wp-content\/uploads\/2023\/10\/quaritsch-photography-Uj6K44po4jw-unsplash-1-1-1-202x300.jpg 202w\" sizes=\"auto, (max-width: 305px) 100vw, 305px\" \/>        <\/div>\n    <\/div>\n<\/div>\n\n\n\n<div  \n    class=\"trnc-distance  has-light-background-color\" style=\"height:50px\">\n<\/div>\n\n\n<div  \n    class=\"trnc-column-img-text-stacked \n    trnc-fullwidth-with-image trnc-full trnc-content\n    w-fullwidth py-16\n    flex justify-center items-center \n    overflow-hidden\">\n    <div class=\"container mx-auto md:pb-14\">\n        <div class=\"flex-1 md:w80 md:flex flex-col justify-center items-center\">\n        <div class=\"text-left trnc-reveal\">\n            <div class=\"text-yellow uppercase break-words font-bold font-30 md:font-48 mb-8\">Basso residuo di ceneri per un sistema di riscaldamento di lunga durata<\/div>\n            <div class=\"text-yellow font-bold font-30 \"><p>Pellet di qualit\u00e0 inferiore possono contaminare e distruggere il vostro impianto di riscaldamento. I residui naturali di fuliggine e cenere nei nostri pellet sono ben al di sotto dello 0,70% richiesto per la migliore classe di qualit\u00e0 europea. My Pellets garantisce una maggiore durata del tuo impianto di riscaldamento, evita costose riparazioni e ti offre un calore piacevole e naturale.<\/p>\n<\/div>\n            <div class=\"wp-block-button mt-8\">\n                <a href=\"https:\/\/www.mypellets.at\/it\/prodotti\/\" class=\"border-4 border-yellow uppercase rounded-3xl px-4 font-28 font-bold button-yellow block text-center w-fit\" target=\"\">Prodotti<\/a>            <\/div>\n        <\/div>\n    <\/div>\n    <\/div>\n<\/div>\n\n\n\n<div class=\"hidden bg-light bg-dark text-yellow\"><\/div>\n<div  class=\"trnc-headline-img-with-subtext trnc-centered-with-image trnc-full trnc-content w-fullwidth ml-[50%] translate-x-[-50%] md:px-4 py-8 pl-4 pr-4 flex justify-center items-center bg-lightlight\">\n    <div class=\"flex-1 flex flex-col justify-center items-center gap-12 trnc-reveal\">\n        <div class=\"text-center\">\n                    <img loading=\"lazy\" decoding=\"async\" width=\"467\" height=\"262\" src=\"https:\/\/www.mypellets.at\/wp-content\/uploads\/2023\/10\/Button-Menue-ueber-Bild.svg\" class=\"m-auto py-6 h-full lg:max-w-[400px] object-cover\" alt=\"\" \/>            <div class=\"lg:tracking-widest font-bold text-yellow uppercase mb-12\">Contenuto di ceneri inferiore allo 0,5%.<br \/>\r\nper un sistema di riscaldamento duraturo<br \/><\/div>\n        <\/div>\n    <\/div>\n<\/div>\n\n\n\n<div  \n    class=\"trnc-column-img-text-stacked \n    trnc-fullwidth-with-image trnc-full trnc-content\n    w-fullwidth py-16\n    flex justify-center items-center \n    overflow-hidden\">\n    <div class=\"container mx-auto md:pb-14\">\n            <div class=\"flex-1 flex items-center justify-center trnc-reveal trnc-reveal--fromRight mb-10\">\n            <img loading=\"lazy\" decoding=\"async\" width=\"195\" height=\"292\" src=\"https:\/\/www.mypellets.at\/wp-content\/uploads\/2023\/10\/My_Pellets-39-1.png\" class=\"w-auto h-auto object-cover\" alt=\"\" \/>        <\/div>\n        <div class=\"flex-1 md:w80 md:flex flex-col justify-center items-center\">\n        <div class=\"text-left trnc-reveal\">\n            <div class=\"text-yellow uppercase break-words font-bold font-30 md:font-48 mb-8\">I migliori legni,<br \/>\r\nmigliori valori calorifici<\/div>\n            <div class=\"text-yellow font-bold font-30 \"><p>Non solo ottimizziamo i nostri pellet, ma garantiamo anche percorsi di trasporto tracciabili e ridotti in Austria e in Europa. Ci\u00f2 non solo riduce il prezzo, ma anche l\u2019inquinamento da CO2 della nostra produzione.<\/p>\n<\/div>\n            <div class=\"wp-block-button mt-8\">\n                            <\/div>\n        <\/div>\n    <\/div>\n    <\/div>\n<\/div>\n\n\n\n<div  \n    class=\"trnc-column-img-text-stacked \n    trnc-fullwidth-with-image trnc-full trnc-content\n    w-fullwidth py-16\n    flex justify-center items-center \n    overflow-hidden\">\n    <div class=\"container mx-auto md:pb-14\">\n            <div class=\"flex-1 flex items-center justify-center trnc-reveal trnc-reveal--fromRight mb-10\">\n            <img loading=\"lazy\" decoding=\"async\" width=\"2400\" height=\"1797\" src=\"https:\/\/www.mypellets.at\/wp-content\/uploads\/2025\/10\/josh-withers-eM3lM1Xbq14-unsplash.jpg\" class=\"w-auto h-auto object-cover\" alt=\"Stra\u00dfe durch einen Nadelwald, Luftaufnahme.\" srcset=\"https:\/\/www.mypellets.at\/wp-content\/uploads\/2025\/10\/josh-withers-eM3lM1Xbq14-unsplash.jpg 2400w, https:\/\/www.mypellets.at\/wp-content\/uploads\/2025\/10\/josh-withers-eM3lM1Xbq14-unsplash-300x225.jpg 300w, https:\/\/www.mypellets.at\/wp-content\/uploads\/2025\/10\/josh-withers-eM3lM1Xbq14-unsplash-1024x767.jpg 1024w, https:\/\/www.mypellets.at\/wp-content\/uploads\/2025\/10\/josh-withers-eM3lM1Xbq14-unsplash-768x575.jpg 768w, https:\/\/www.mypellets.at\/wp-content\/uploads\/2025\/10\/josh-withers-eM3lM1Xbq14-unsplash-1536x1150.jpg 1536w, https:\/\/www.mypellets.at\/wp-content\/uploads\/2025\/10\/josh-withers-eM3lM1Xbq14-unsplash-2048x1533.jpg 2048w, https:\/\/www.mypellets.at\/wp-content\/uploads\/2025\/10\/josh-withers-eM3lM1Xbq14-unsplash-600x449.jpg 600w\" sizes=\"auto, (max-width: 2400px) 100vw, 2400px\" \/>        <\/div>\n        <div class=\"flex-1 md:w80 md:flex flex-col justify-center items-center\">\n        <div class=\"text-left trnc-reveal\">\n            <div class=\"text-yellow uppercase break-words font-bold font-30 md:font-48 mb-8\">Logistica ottimizzata<br \/>\r\nbrevi vie di trasporto<\/div>\n            <div class=\"text-yellow font-bold font-30 \"><p>I nostri pellet vengono pressati esclusivamente dal miglior legno di abete rosso e abete. Solo questi tipi di legna garantiscono il massimo potere calorifico e bruciano nel modo pi\u00f9 neutro possibile dal punto di vista climatico. Tutta la produzione \u00e8 soggetta a continui controlli interni ed esterni e dispone di certificazione FSC o PEFC.<\/p>\n<\/div>\n            <div class=\"wp-block-button mt-8\">\n                <a href=\"https:\/\/www.mypellets.at\/wp-content\/uploads\/2023\/11\/CO2-2022_My-Pellets-Handels-GmbH_626478_AT_02882.pdf\" class=\"border-4 border-yellow uppercase rounded-3xl px-4 font-28 font-bold button-yellow block text-center w-fit\" target=\"_blank\">Camion certificato C02 Walter<\/a>            <\/div>\n        <\/div>\n    <\/div>\n    <\/div>\n<\/div>\n\n\n\n<div  class=\"trnc-icon-text py-24\">\n    <div class=\"container md:w850 mx-auto lg:grid grid-cols-1 grid-rows-2 gap-8 lg:grid-cols-4 lg:grid-rows-1\">\n        <div class=\"lg:col-span-1 flex items-start justify-center trnc-reveal trnc-reveal--fromLeft md:mb-0 mb-6\">\n                            <img loading=\"lazy\" decoding=\"async\" width=\"242\" height=\"162\" src=\"https:\/\/www.mypellets.at\/wp-content\/uploads\/2023\/10\/Ebene_1-8.svg\" class=\"w-auto h-auto object-cover\" alt=\"\" \/>                    <\/div>\n        <div class=\"lg:col-span-3 flex items-center trnc-reveal trnc-reveal--fromRight\">\n            <div class=\"text-left\">\n                <div class=\"text-yellow font-bold font-20\">EN plus \u00e8 una certificazione di qualit\u00e0 globale per pellet di legno. Un centro di test indipendente controlla l&#8217;origine e la qualit\u00e0 della lavorazione delle strutture dell&#8217;azienda. L&#8217;ispezione da parte dell&#8217;organismo di certificazione viene ripetuta una volta all&#8217;anno e garantisce un elevato standard di qualit\u00e0 dei prodotti a pellet. Tuttavia, le nostre richieste sulla qualit\u00e0 del prodotto vanno ben oltre il certificato. Garantiamo la migliore qualit\u00e0 possibile per il nostro ecosistema e per il vostro impianto di riscaldamento.<\/div>\n      \n            <div class=\"wp-block-button mt-8\">\n                 <a href=\"https:\/\/www.mypellets.at\/wp-content\/uploads\/2023\/11\/ENplus_Certifikat-HFA-0159_AT312-_-2026.pdf\" class=\"border-4 border-yellow uppercase rounded-3xl px-4 font-28 font-bold button-yellow block text-center w-fit\" target=\"_blank\">Certificato ENplus<\/a>  <\/div>\n        <\/div>\n        <\/div>\n    <\/div>\n<\/div>\n\n\n\n<div  class=\"trnc-icon-text py-24\">\n    <div class=\"container md:w850 mx-auto lg:grid grid-cols-1 grid-rows-2 gap-8 lg:grid-cols-4 lg:grid-rows-1\">\n        <div class=\"lg:col-span-1 flex items-start justify-center trnc-reveal trnc-reveal--fromLeft md:mb-0 mb-6\">\n                            <img loading=\"lazy\" decoding=\"async\" width=\"139\" height=\"139\" src=\"https:\/\/www.mypellets.at\/wp-content\/uploads\/2023\/10\/Ebene_1-5.svg\" class=\"w-auto h-auto object-cover\" alt=\"\" \/>                    <\/div>\n        <div class=\"lg:col-span-3 flex items-center trnc-reveal trnc-reveal--fromRight\">\n            <div class=\"text-left\">\n                <div class=\"text-yellow font-bold font-20\">La visione e l\u2019obiettivo di proPellets \u00e8 la transizione energetica nel riscaldamento. In Austria circa il 70% del calore utilizzato per riscaldare gli edifici \u00e8 generato da combustibili fossili. Il nostro obiettivo \u00e8 fornire un contributo significativo alla sostituzione dell&#8217;energia fossile con energia rinnovabile in Austria con il pellet.<\/div>\n      \n            <div class=\"wp-block-button mt-8\">\n                 <a href=\"https:\/\/www.propellets.at\/\" class=\"border-4 border-yellow uppercase rounded-3xl px-4 font-28 font-bold button-yellow block text-center w-fit\" target=\"\">proPellets<\/a>  <\/div>\n        <\/div>\n        <\/div>\n    <\/div>\n<\/div>\n","protected":false},"excerpt":{"rendered":"","protected":false},"author":1,"featured_media":0,"parent":0,"menu_order":0,"comment_status":"closed","ping_status":"closed","template":"","meta":{"_acf_changed":false,"inline_featured_image":false,"footnotes":""},"class_list":["post-2603","page","type-page","status-publish","hentry"],"acf":[],"_links":{"self":[{"href":"https:\/\/www.mypellets.at\/it\/wp-json\/wp\/v2\/pages\/2603","targetHints":{"allow":["GET"]}}],"collection":[{"href":"https:\/\/www.mypellets.at\/it\/wp-json\/wp\/v2\/pages"}],"about":[{"href":"https:\/\/www.mypellets.at\/it\/wp-json\/wp\/v2\/types\/page"}],"author":[{"embeddable":true,"href":"https:\/\/www.mypellets.at\/it\/wp-json\/wp\/v2\/users\/1"}],"replies":[{"embeddable":true,"href":"https:\/\/www.mypellets.at\/it\/wp-json\/wp\/v2\/comments?post=2603"}],"version-history":[{"count":3,"href":"https:\/\/www.mypellets.at\/it\/wp-json\/wp\/v2\/pages\/2603\/revisions"}],"predecessor-version":[{"id":14542,"href":"https:\/\/www.mypellets.at\/it\/wp-json\/wp\/v2\/pages\/2603\/revisions\/14542"}],"wp:attachment":[{"href":"https:\/\/www.mypellets.at\/it\/wp-json\/wp\/v2\/media?parent=2603"}],"curies":[{"name":"wp","href":"https:\/\/api.w.org\/{rel}","templated":true}]}}