{"id":2627,"date":"2023-08-25T13:46:11","date_gmt":"2023-08-25T11:46:11","guid":{"rendered":"https:\/\/www.mypellets.at\/impressum\/"},"modified":"2025-10-16T17:12:32","modified_gmt":"2025-10-16T15:12:32","slug":"impronta","status":"publish","type":"page","link":"https:\/\/www.mypellets.at\/it\/impronta\/","title":{"rendered":"Impronta"},"content":{"rendered":"\n<div  class=\"trnc-fullwidth-text container py-10 trnc-full md:px-4 mx-auto\">\n    <div class=\"text-left\">\n            <h1 class=\"text-yellow font-bold py-12\">Impronta<\/h1>\n                <div class=\"text-yellow font-bold text-regular\"><p><strong>My Pellets Handels GmbH<\/strong><br \/>\nA-8552 H\u00f6rmsdorf 190<\/p>\n<p><strong>T:<\/strong> +43 3466 42704<br \/>\n<strong>E:<\/strong> <a href=\"mailto:premium@mypellets.at\">premium@mypellets.at<\/a><br \/>\n<strong>W:<\/strong> <a href=\"http:\/\/www.mypellets.at\/\">www.mypellets.at<\/a><\/p>\n<p><strong>Numero del registro delle imprese:<\/strong> FN 390472z<br \/>\n<strong>Tribunale del registro delle imprese:<\/strong> ZRS Graz<\/p>\n<p><strong>Numero UID:<\/strong> ATU67640635<\/p>\n<p><strong>Amministratore delegato:<\/strong> Matthias Kroell<\/p>\n<p><strong>Oggetto aziendale:<\/strong> Vendita di pellet di legno<\/p>\n<p class=\"p1\"><span class=\"s1\"><strong>Crediti fotografici:<\/strong> Florian Lierzer, My Pellets Handels GmbH, Menu fotografico &#8220;Qualit\u00e0&#8221; piccolo di Quaritsch Photography su <a href=\"https:\/\/unsplash.com\/de\/fotos\/graue-kurvenreiche-strasse-in-der-nahe-von-wald-Uj6K44po4jw?utm_source=unsplash&amp;utm_medium=referral&amp;utm_content=creditCopyText\" target=\"_blank\" rel=\"noopener\">Unsplash<\/a>, Menu fotografico &#8220;Qualit\u00e0&#8221; grande di Josh Withers su <a href=\"https:\/\/unsplash.com\/de\/fotos\/luftaufnahme-einer-strasse-mitten-im-wald-eM3lM1Xbq14?utm_source=unsplash&amp;utm_medium=referral&amp;utm_content=creditCopyText\" target=\"_blank\" rel=\"noopener\">Unsplash<\/a><\/span><\/p>\n<p><strong>Concezione, progettazione e progettazione Programmazione del sito web:<\/strong>Madison Werbeagentur, <a href=\"https:\/\/www.madison.at\/\">www.madison.at<\/a><\/p>\n<p>Il contenuto di questo sito web \u00e8 protetto da copyright. Le informazioni sono destinate esclusivamente all&#8217;uso personale. Qualsiasi ulteriore utilizzo, in particolare l&#8217;archiviazione in banche dati, la riproduzione e qualsiasi forma di utilizzo commerciale nonch\u00e9 la trasmissione a terzi, anche in parte o in forma modificata, \u00e8 vietato senza il consenso di My pellets Handels GmbH.<\/p>\n<p>Nonostante l&#8217;attento controllo dei contenuti, non si assume alcuna responsabilit\u00e0 per il contenuto dei link esterni. Gli operatori sono gli unici responsabili per il contenuto delle pagine collegate. Questo sito web \u00e8 stato creato con la massima cura. \u00c8 continuamente aggiornato. Tuttavia non si assume alcuna responsabilit\u00e0 per l&#8217;esattezza, la completezza e l&#8217;attualit\u00e0 delle informazioni contenute.<\/p>\n<p>Se ti iscrivi a una newsletter su questo sito web, varie informazioni che ci fornisci verranno memorizzate. Utilizziamo questi dati per offrirti un servizio. Naturalmente avete la possibilit\u00e0 di revocare la newsletter in qualsiasi momento. Tutto quello che devi fare \u00e8 inviare un&#8217;e-mail a <a href=\"mailto:premium@mypellets.at\">premium@mypellets.at<\/a> con la nota che non desideri pi\u00f9 ricevere un&#8217;altra newsletter. I tuoi dati non saranno condivisi con terze parti. I vostri dati verranno trasmessi solo internamente a terzi incaricati dell&#8217;adempimento di compiti pubblicitari e di servizio, senza che questi terzi possano utilizzare o trasmettere i dati per proprio uso.<\/p>\n<\/div>\n    <\/div>\n    <\/div>\n","protected":false},"excerpt":{"rendered":"","protected":false},"author":1,"featured_media":0,"parent":0,"menu_order":0,"comment_status":"closed","ping_status":"closed","template":"","meta":{"_acf_changed":false,"inline_featured_image":false,"footnotes":""},"class_list":["post-2627","page","type-page","status-publish","hentry"],"acf":[],"_links":{"self":[{"href":"https:\/\/www.mypellets.at\/it\/wp-json\/wp\/v2\/pages\/2627","targetHints":{"allow":["GET"]}}],"collection":[{"href":"https:\/\/www.mypellets.at\/it\/wp-json\/wp\/v2\/pages"}],"about":[{"href":"https:\/\/www.mypellets.at\/it\/wp-json\/wp\/v2\/types\/page"}],"author":[{"embeddable":true,"href":"https:\/\/www.mypellets.at\/it\/wp-json\/wp\/v2\/users\/1"}],"replies":[{"embeddable":true,"href":"https:\/\/www.mypellets.at\/it\/wp-json\/wp\/v2\/comments?post=2627"}],"version-history":[{"count":4,"href":"https:\/\/www.mypellets.at\/it\/wp-json\/wp\/v2\/pages\/2627\/revisions"}],"predecessor-version":[{"id":14553,"href":"https:\/\/www.mypellets.at\/it\/wp-json\/wp\/v2\/pages\/2627\/revisions\/14553"}],"wp:attachment":[{"href":"https:\/\/www.mypellets.at\/it\/wp-json\/wp\/v2\/media?parent=2627"}],"curies":[{"name":"wp","href":"https:\/\/api.w.org\/{rel}","templated":true}]}}