{"id":11769,"date":"2023-11-16T08:38:53","date_gmt":"2023-11-16T07:38:53","guid":{"rendered":"https:\/\/www.mypellets.at\/jahresbedarf-an-pellets-gewinnen\/"},"modified":"2024-06-15T21:44:34","modified_gmt":"2024-06-15T19:44:34","slug":"jahresbedarf-an-pellets-gewinnen","status":"publish","type":"page","link":"https:\/\/www.mypellets.at\/nl\/jahresbedarf-an-pellets-gewinnen\/","title":{"rendered":"Win een jaarvoorraad aan pellets"},"content":{"rendered":"\n<div  class=\"trnc-fullwidth-text container py-10 trnc-full md:px-4 mx-auto\">\n    <div class=\"text-left\">\n            <h1 class=\"text-brown font-bold py-12\">Win een jaarvoorraad aan pellets.<br \/>\r\n<br \/>\r\n<\/h1>\n                <div class=\"text-brown font-bold text-regular\"><p>Vul het formulier in en met een beetje geluk ontvangt u een jaarvoorraad aan MyPremium Pellets voor \u00e9\u00e9n huishouden (70 zakken \u00e0 15 kg).<\/p>\n<\/div>\n    <\/div>\n    <\/div>\n\n\n\n\n<div  class=\"trnc-form-shortcode shortcode_form container trnc-full md:px-4 mx-auto\">\n\n<div class=\"wpcf7 no-js\" id=\"wpcf7-f11762-o1\" lang=\"de-DE\" dir=\"ltr\" data-wpcf7-id=\"11762\">\n<div class=\"screen-reader-response\"><p role=\"status\" aria-live=\"polite\" aria-atomic=\"true\"><\/p> <ul><\/ul><\/div>\n<form action=\"\/nl\/wp-json\/wp\/v2\/pages\/11769#wpcf7-f11762-o1\" method=\"post\" class=\"wpcf7-form init\" aria-label=\"Contact form\" novalidate=\"novalidate\" data-status=\"init\">\n<fieldset class=\"hidden-fields-container\"><input type=\"hidden\" name=\"_wpcf7\" value=\"11762\" \/><input type=\"hidden\" name=\"_wpcf7_version\" value=\"6.1.5\" \/><input type=\"hidden\" name=\"_wpcf7_locale\" value=\"de_DE\" \/><input type=\"hidden\" name=\"_wpcf7_unit_tag\" value=\"wpcf7-f11762-o1\" \/><input type=\"hidden\" name=\"_wpcf7_container_post\" value=\"0\" \/><input type=\"hidden\" name=\"_wpcf7_posted_data_hash\" value=\"\" \/><input type=\"hidden\" name=\"_wpcf7cf_hidden_group_fields\" value=\"[]\" \/><input type=\"hidden\" name=\"_wpcf7cf_hidden_groups\" value=\"[]\" \/><input type=\"hidden\" name=\"_wpcf7cf_visible_groups\" value=\"[]\" \/><input type=\"hidden\" name=\"_wpcf7cf_repeaters\" value=\"[]\" \/><input type=\"hidden\" name=\"_wpcf7cf_steps\" value=\"{}\" \/><input type=\"hidden\" name=\"_wpcf7cf_options\" value=\"{&quot;form_id&quot;:11762,&quot;conditions&quot;:[{&quot;then_field&quot;:&quot;group-190&quot;,&quot;and_rules&quot;:[{&quot;if_field&quot;:&quot;bought&quot;,&quot;operator&quot;:&quot;equals&quot;,&quot;if_value&quot;:&quot;IK HEB AL EENS MY PREMIUM PELLETS GEKOCHT!&quot;}]}],&quot;settings&quot;:{&quot;animation&quot;:&quot;yes&quot;,&quot;animation_intime&quot;:200,&quot;animation_outtime&quot;:200,&quot;conditions_ui&quot;:&quot;normal&quot;,&quot;notice_dismissed&quot;:false,&quot;notice_dismissed_rollback-cf7-5.8.2&quot;:true}}\" \/>\n<\/fieldset>\n<p><span class=\"wpcf7-form-control-wrap\" data-name=\"bought\"><span class=\"wpcf7-form-control wpcf7-radio\"><span class=\"wpcf7-list-item first\"><label><input type=\"radio\" name=\"bought\" value=\"IK HEB NOG NOOIT MY PREMIUM PELLETS GEKOCHT.\" checked=\"checked\" \/><span class=\"wpcf7-list-item-label\">IK HEB NOG NOOIT MY PREMIUM PELLETS GEKOCHT.<\/span><\/label><\/span><span class=\"wpcf7-list-item last\"><label><input type=\"radio\" name=\"bought\" value=\"IK HEB AL EENS MY PREMIUM PELLETS GEKOCHT!\" \/><span class=\"wpcf7-list-item-label\">IK HEB AL EENS MY PREMIUM PELLETS GEKOCHT!<\/span><\/label><\/span><\/span><\/span>\n<\/p>\n<div data-id=\"group-190\" data-orig_data_id=\"group-190\"  class=\"\" data-class=\"wpcf7cf_group\">\n\t<div class=\"groupcontent\">\n\t\t<p>Ik heb de laatste keer bij de <span class=\"wpcf7-form-control-wrap\" data-name=\"buy_date\"><input class=\"wpcf7-form-control wpcf7-date wpcf7-validates-as-date\" aria-invalid=\"false\" placeholder=\"z.B. 24.12.2020\" value=\"\" type=\"date\" name=\"buy_date\" \/><\/span> my Premium Pellets bij <span class=\"wpcf7-form-control-wrap\" data-name=\"buy_location\"><input size=\"40\" maxlength=\"400\" class=\"wpcf7-form-control wpcf7-text\" aria-invalid=\"false\" placeholder=\"Bijvoorbeeld ijzerhande\" value=\"\" type=\"text\" name=\"buy_location\" \/><\/span> in <span class=\"wpcf7-form-control-wrap\" data-name=\"buy_city\"><input size=\"40\" maxlength=\"400\" class=\"wpcf7-form-control wpcf7-text\" aria-invalid=\"false\" placeholder=\"Bijvoorbeeld Amsterdam\" value=\"\" type=\"text\" name=\"buy_city\" \/><\/span> gekocht.\n\t\t<\/p>\n\t<\/div>\n<\/div>\n<p><span class=\"wpcf7-form-control-wrap\" data-name=\"first_name\"><input size=\"40\" maxlength=\"400\" class=\"wpcf7-form-control wpcf7-text wpcf7-validates-as-required\" aria-required=\"true\" aria-invalid=\"false\" placeholder=\"Voornaam*\" value=\"\" type=\"text\" name=\"first_name\" \/><\/span><br \/>\n<span class=\"wpcf7-form-control-wrap\" data-name=\"last_name\"><input size=\"40\" maxlength=\"400\" class=\"wpcf7-form-control wpcf7-text wpcf7-validates-as-required\" aria-required=\"true\" aria-invalid=\"false\" placeholder=\"Achternaam*\" value=\"\" type=\"text\" name=\"last_name\" \/><\/span><br \/>\n<span class=\"wpcf7-form-control-wrap\" data-name=\"email\"><input size=\"40\" maxlength=\"400\" class=\"wpcf7-form-control wpcf7-email wpcf7-validates-as-required wpcf7-text wpcf7-validates-as-email\" aria-required=\"true\" aria-invalid=\"false\" placeholder=\"E-mail*\" value=\"\" type=\"email\" name=\"email\" \/><\/span><br \/>\n<span class=\"wpcf7-form-control-wrap\" data-name=\"phone\"><input size=\"40\" maxlength=\"400\" class=\"wpcf7-form-control wpcf7-text wpcf7-validates-as-required\" aria-required=\"true\" aria-invalid=\"false\" placeholder=\"Telefoon*\" value=\"\" type=\"text\" name=\"phone\" \/><\/span><br \/>\n<span class=\"wpcf7-form-control-wrap\" data-name=\"zip\"><input size=\"40\" maxlength=\"400\" class=\"wpcf7-form-control wpcf7-text wpcf7-validates-as-required\" aria-required=\"true\" aria-invalid=\"false\" placeholder=\"Postcode*\" value=\"\" type=\"text\" name=\"zip\" \/><\/span><br \/>\n<span class=\"wpcf7-form-control-wrap\" data-name=\"city\"><input size=\"40\" maxlength=\"400\" class=\"wpcf7-form-control wpcf7-text wpcf7-validates-as-required\" aria-required=\"true\" aria-invalid=\"false\" placeholder=\"Plaats*\" value=\"\" type=\"text\" name=\"city\" \/><\/span><br \/>\n<span class=\"wpcf7-form-control-wrap\" data-name=\"country\"><input size=\"40\" maxlength=\"400\" class=\"wpcf7-form-control wpcf7-text wpcf7-validates-as-required\" aria-required=\"true\" aria-invalid=\"false\" placeholder=\"Land*\" value=\"\" type=\"text\" name=\"country\" \/><\/span>\n<\/p>\n<p><span class=\"wpcf7-form-control-wrap\" data-name=\"terms\"><span class=\"wpcf7-form-control wpcf7-acceptance\"><span class=\"wpcf7-list-item\"><label><input type=\"checkbox\" name=\"terms\" value=\"1\" aria-invalid=\"false\" \/><span class=\"wpcf7-list-item-label\">JA, IK DOE MEE AAN DE WEDSTRIJD OM EEN JAARVOORRAAD AAN MYPREMIUM PELLETS VOOR \u00c9\u00c9N HUISHOUDEN (70 ZAKKEN \u00c0 15 KG) TE WINNEN OP 30 SEPTEMBER 2026.<\/span><\/label><\/span><\/span><\/span>\n<\/p>\n<p><span class=\"wpcf7-form-control-wrap\" data-name=\"newsletter\"><span class=\"wpcf7-form-control wpcf7-acceptance optional\"><span class=\"wpcf7-list-item\"><label><input type=\"checkbox\" name=\"newsletter\" value=\"1\" aria-invalid=\"false\" \/><span class=\"wpcf7-list-item-label\">IK GEEF HIERMEE MIJN TOESTEMMING OM DE VOLGENDE GEGEVENS, TE WETEN VOORNAAM, ACHTERNAAM EN E-MAILADRES, TE LATEN VERWERKEN DOOR MY PREMIUM PELLETS VOOR HET VERSTUREN in overeenkomst met de <a style=\"color: #fcb900;\" href=\"https:\/\/www.mypellets.at\/nl\/verklaring-inzake-gegevensbescherming\/\" target=\"_blank\">Verklaring inzake gegevensbescherming<\/a>. DEZE TOESTEMMING IS VRIJWILLIG EN KAN OP ELK MOMENT EN MET EFFECT VOOR DE TOEKOMST WORDEN INGETROKKEN DOOR CONTACT OP TE NEMEN MET MY PREMIUM PELLETS VIA <a style=\"color: #fcb900;\" href=\"mailto:premium@mypellets.at\">premium@mypellets.at<\/a>.<\/span><\/label><\/span><\/span><\/span>\n<\/p>\n<p><span class=\"wpcf7-form-control-wrap\" data-name=\"hcap-cf7\">\t\t<input\n\t\t\t\ttype=\"hidden\"\n\t\t\t\tclass=\"hcaptcha-widget-id\"\n\t\t\t\tname=\"hcaptcha-widget-id\"\n\t\t\t\tvalue=\"eyJzb3VyY2UiOlsiY29udGFjdC1mb3JtLTdcL3dwLWNvbnRhY3QtZm9ybS03LnBocCJdLCJmb3JtX2lkIjozM30=-cce2ad15e20b8ad718e62743ceebf601\">\n\t\t\t\t<span id=\"hcap_cf7-69f1efad5438c8.34016092\" class=\"wpcf7-form-control h-captcha \"\n\t\t\tdata-sitekey=\"08b3e174-d026-429a-ae57-8dc51d217ed2\"\n\t\t\tdata-theme=\"light\"\n\t\t\tdata-size=\"normal\"\n\t\t\tdata-auto=\"false\"\n\t\t\tdata-ajax=\"false\"\n\t\t\tdata-force=\"false\">\n\t\t<\/span>\n\t\t<input type=\"hidden\" id=\"_wpnonce\" name=\"_wpnonce\" value=\"2489deb5c5\" \/><input type=\"hidden\" name=\"_wp_http_referer\" value=\"\/nl\/wp-json\/wp\/v2\/pages\/11769\" \/><\/span><input class=\"wpcf7-form-control wpcf7-submit has-spinner\" type=\"submit\" value=\"Nu deelnemen\" \/>\n<\/p><div class=\"wpcf7-response-output\" aria-hidden=\"true\"><\/div>\n<\/form>\n<\/div>\n<\/div>\n\n\n\n<div  class=\"trnc-fullwidth-text container py-10 trnc-full md:px-4 mx-auto\">\n    <div class=\"text-left\">\n            <div class=\"text-brown font-bold text-regular\"><p>Juridisch procedures zijn uitgesloten. Inwisselen van de prijs voor contant geld is niet mogelijk. Over de wedstrijd kan niet worden gecorrespondeerd. De winnaar wordt schriftelijk in kennis gesteld. De deelnemer gaat er uitdrukkelijk mee akkoord dat de door hem\/haar verstrekte persoonlijke gegevens (voornaam, achternaam, e-mail, telefoon, adres, woonplaats, land) elektronisch kunnen worden opgeslagen en ook aan derden (momenteel: IT Tronic Innovation Graz, Madison reclamebureau voor de verzending en het onderhoud van de website) kunnen worden doorgegeven. Zonder deze gegevens kan de wedstrijd niet worden georganiseerd. Voor het einde van de wedstrijd wordt aan alle deelnemers een aparte wedstrijdnieuwsbrief gestuurd. De opgeslagen gegevens worden onmiddellijk na afloop van de wedstrijd en na de bekendmaking van de winnaar verwijderd. Met toestemming van de winnaar wordt de foto van de prijsuitreiking gebruikt op de website mypellets.at, op de Facebook-pagina geplaatst en per nieuwsbrief naar abonnees gestuurd.<\/p>\n<\/div>\n    <\/div>\n    <\/div>\n","protected":false},"excerpt":{"rendered":"","protected":false},"author":1,"featured_media":0,"parent":0,"menu_order":0,"comment_status":"closed","ping_status":"closed","template":"","meta":{"_acf_changed":false,"inline_featured_image":false,"footnotes":""},"class_list":["post-11769","page","type-page","status-publish","hentry"],"acf":[],"_links":{"self":[{"href":"https:\/\/www.mypellets.at\/nl\/wp-json\/wp\/v2\/pages\/11769","targetHints":{"allow":["GET"]}}],"collection":[{"href":"https:\/\/www.mypellets.at\/nl\/wp-json\/wp\/v2\/pages"}],"about":[{"href":"https:\/\/www.mypellets.at\/nl\/wp-json\/wp\/v2\/types\/page"}],"author":[{"embeddable":true,"href":"https:\/\/www.mypellets.at\/nl\/wp-json\/wp\/v2\/users\/1"}],"replies":[{"embeddable":true,"href":"https:\/\/www.mypellets.at\/nl\/wp-json\/wp\/v2\/comments?post=11769"}],"version-history":[{"count":9,"href":"https:\/\/www.mypellets.at\/nl\/wp-json\/wp\/v2\/pages\/11769\/revisions"}],"predecessor-version":[{"id":12670,"href":"https:\/\/www.mypellets.at\/nl\/wp-json\/wp\/v2\/pages\/11769\/revisions\/12670"}],"wp:attachment":[{"href":"https:\/\/www.mypellets.at\/nl\/wp-json\/wp\/v2\/media?parent=11769"}],"curies":[{"name":"wp","href":"https:\/\/api.w.org\/{rel}","templated":true}]}}