{"id":9419,"date":"2023-08-25T13:48:49","date_gmt":"2023-08-25T11:48:49","guid":{"rendered":"https:\/\/www.mypellets.at\/allgemeine-geschaftsbedingungen\/"},"modified":"2024-01-25T16:05:55","modified_gmt":"2024-01-25T15:05:55","slug":"splosni-pogoji-in-dolocila","status":"publish","type":"page","link":"https:\/\/www.mypellets.at\/sl\/splosni-pogoji-in-dolocila\/","title":{"rendered":"Splo\u0161ni pogoji in dolo\u010dila"},"content":{"rendered":"\n<div  class=\"trnc-fullwidth-text container py-10 trnc-full md:px-4 mx-auto\">\n    <div class=\"text-left\">\n            <h1 class=\"text-yellow font-bold py-12\">Splo\u0161ni pogoji in dolo\u010dila<\/h1>\n                <div class=\"text-yellow font-bold text-regular\"><h3 id=\"kt-adv-heading_65f5ff-79\" class=\"kt-adv-heading_65f5ff-79 wp-block-kadence-advancedheading\">1. Splo\u0161no<\/h3>\n<p>Ti splo\u0161ni pogoji poslovanja (\u00bbAGB\u00ab) veljajo za vse pogodbe o prodaji in dobavi, ki so jih stranke \u2013 porabniki v smislu zakona o varstvu potro\u0161nikov (Konsumentenschutzgesetz \u2013 KSchG), sklenili z nami, dru\u017ebo MY PELLETS HANDELS GmbH, A-8552 Eibiswald, Hoermsdorf 190 (\u00bbmi\u00ab). Potro\u0161niki so v smislu zakona o varstvu potro\u0161nikov osebe, za katere sklenjeni posel ne prispeva k obratovanju enega od podjetij, ki jih vodijo.<\/p>\n<p><strong>Upravljavec spletne trgovine<\/strong><\/p>\n<p>My Pellets Handels GmbH<br \/>\nA-8552 H\u00f6rmsdorf 190<\/p>\n<p>T: +43 3466 42704<br \/>\nE-po\u0161ta: <a href=\"mailto:premium@mypellets.at\">premium@mypellets.at<\/a><br \/>\nSplet: <a href=\"https:\/\/www.mypellets.at\/\">www.mypellets.at<\/a><\/p>\n<p>Registracijska \u0161tevilka podjetja: : FN 390472z<\/p>\n<p>Poslovni register: ZRS Gradec<\/p>\n<p>Identifikacijska \u0161tevilka za DDV: : ATU67640635<br \/>\nDirektor: Matthias Kroell<\/p>\n<h3 id=\"kt-adv-heading_640bcb-80\" class=\"kt-adv-heading_640bcb-80 wp-block-kadence-advancedheading\">2. Bistvene zna\u010dilnosti blaga<\/h3>\n<p>2.1. Lesne pelete, zlasti pod blagovno znamko \u00bbMY PREMIUM PELLETS\u00ab, ponujamo v skladu s certifikatom ENplus AT312 (izpolnjuje standard EN ISO 17225-2) tako v razsutem stanju kot v vre\u010dah.<\/p>\n<p>2.2. Napotek: lesne pelete je ob upo\u0161tevanju proizvajal\u010devih navodil in v skladu z zakonskimi dolo\u010dili dovoljeno uporabljati le v odobrenih primernih kuri\u0161\u010dih. Lesne pelete je treba hraniti na suhem. Skladi\u0161\u010dni prostori morajo biti prezra\u010devani. Pri polnjenju skladi\u0161\u010dnega prostora s pomo\u010djo transportnega vozila dol\u017eina cevi ne sme prekora\u010diti 30 m.<\/p>\n<h3 id=\"kt-adv-heading_d4f850-47\" class=\"kt-adv-heading_d4f850-47 wp-block-kadence-advancedheading\">3. Ime podjetja, podatki za stik<\/h3>\n<p>MY PELLETS HANDELS GMBH-AUT 8552 EIBISWALD HOERMSDORF 190 \u2013 FBN 390472z LG f. ZRS Graz \u2013 Tel.: -43 3466 42704 \u2013 <a href=\"mailto:premium@mypellets.at\">premium@mypellets.at<\/a><\/p>\n<h3 id=\"kt-adv-heading_0726f6-38\" class=\"kt-adv-heading_0726f6-38 wp-block-kadence-advancedheading\">4. Cene<\/h3>\n<p>4.1. Veljajo cene na mersko enoto (pri peletih v razsutem stanju: na kilogram oz. tono; pri lesnih peletih v vre\u010dah: na dobavno enoto), s katerimi je stranka seznanjena pred sklenitvijo pogodbe. Objavljene cene so bruto cene z vklju\u010denim prometnim davkom. Stranki lahko za stro\u0161ke polnjenja zara\u010dunamo pav\u0161al za polnjenje na polnilno mesto oz. za eno polnjenje ter nastale prevozne ter dostavne stro\u0161ke in stro\u0161ke za odpremo, z njihovo vi\u0161ino bo stranka seznanjena pred sklenitvijo pogodbe.<\/p>\n<h3 id=\"kt-adv-heading_08c625-93\" class=\"kt-adv-heading_08c625-93 wp-block-kadence-advancedheading\">5. Pla\u010dilni in dobavni pogoji ter pogoji storitev<\/h3>\n<p>5.1. Blago je dobavljeno na dogovorjeni naslov dobave.<\/p>\n<p>5.2. Pri dobavi lesnih peletov v razsutem stanju je treba merodajne koli\u010dine za obra\u010dun dolo\u010diti z umerjenim sistemom tehtanja, ki je name\u0161\u010den na transportno vozilo.<\/p>\n<p>5.3. Stranka jam\u010di za predpisano in pravilno stanje skladi\u0161\u010dnega prostora oz. rezervoarja za shranjevanje oz. druge polnilne opreme, v katero oz. s katero polnimo dobavljene lesne pelete, ter za pravilnost navedb o zmogljivosti.<\/p>\n<p>5.4. Dobavljeno blago ostane v na\u0161i lasti do celotnega popla\u010dila kupnine, vklju\u010dno z dogovorjenimi prevoznimi in dostavnimi stro\u0161ki ter stro\u0161ki za odpremo. \u010ce se dobavljeno blago preme\u0161a s strankino lastnino, npr. v rezervoarju, bo nastali me\u0161ani izdelek do popolnega popla\u010dila kupnine solastnina tako nas kot stranke v razmerju obojestranskega dele\u017ea vrednosti.<\/p>\n<p>5.5. \u010ce ni dogovorjeno druga\u010de, smo zavezani stranki omogo\u010diti, da brez nepotrebnega odla\u0161anja blago prevzame sama, v vsakem primeru pa ne pozneje kot 30 dni po sklenitvi pogodbe, oziroma, \u010de je bil sklenjen dogovor o dostavi blaga, ga v tem roku dostavimo stranki. \u010ce stranka blaga, pripravljenega ali dobavljenega v skladu z dogovorom, ne sprejme, imamo pravico za povra\u010dilo stro\u0161kov, nastalih zaradi strankine zamude pri prevzemu, \u0161e posebej za dodatne stro\u0161ke polnjenja, shranjevanja in transporta. Dobava na\u010deloma opravi do roba plo\u010dnika ali do prvih vrat, ki jih je mogo\u010de zapreti.<\/p>\n<p>5.6. Naro\u010dila prek spleta je treba pla\u010dati takoj prek na\u010dinov pla\u010dila, ki jih nudi skupina ERSTEBANK.<\/p>\n<h3 id=\"kt-adv-heading_880e1a-2d\" class=\"kt-adv-heading_880e1a-2d wp-block-kadence-advancedheading\">6. Pravica odstopa od pogodbe v skladu z avstrijskim zakonom o daljinskih in izvoznih poslih (Fern\u2010 und Ausw\u00e4rtsgesch\u00e4fte\u2010Gesetz (FAGG))<\/h3>\n<p>\u010ce je stranka sklenila pogodbo na daljavo oz. izven na\u0161ih poslovnih prostorov, ima pod naslednjimi pogoji in predpostavkami na voljo pravico do odstopa od pogodbe:<\/p>\n<p>6.1. Stranka nima pravice do odstopa od pogodbe pri pogodbah o blagu, ki je bilo po dobavi in zaradi svojih lastnosti nelo\u010dljivo pome\u0161ano z drugim blagom.<\/p>\n<p>6.2. Sicer imajo stranke pravico odstopiti od pogodb brez navedbe razlogov. Rok za odstop od pogodbe je 14 dni in za\u010dne te\u010di<\/p>\n<p>6.2.1. z dnevom, ko postane stranka ali tretja oseba, ki jo je imenovala stranka in ne deluje kot prevoznik, lastnik blaga;<\/p>\n<p>6.2.2. \u010de je stranka v okviru enotnega naro\u010dila naro\u010dila ve\u010d izdelkov, ki so bili dobavljeni lo\u010deno, z dnem, ko je stranka ali tretja oseba, ki jo je imenovala stranka in ne deluje kot prevoznik, prvi\u010d prevzela blago;<\/p>\n<p>6.2.3. ob dobavi blaga v ve\u010d delnih po\u0161iljkah z dnem, ko postane stranka ali tretja oseba, ki jo je imenovala stranka in ne deluje kot prevoznik, lastnik prve delne po\u0161iljke;<\/p>\n<p>6.2.4. pri pogodbah o rednih dobavah blaga v to\u010dno dolo\u010denem \u010dasovnem obdobju z dnem, ko je postala stranka ali tretja oseba, ki jo je imenovala stranka in ne deluje kot prevoznik, lastnik blaga.<\/p>\n<p>6.3. Da bi uveljavila pravico do odstopa, nam (glejte podatke o stiku, zgoraj pod to\u010dko 3) mora stranka sporo\u010diti svojo odlo\u010ditev o odstopu od te pogodbe z jasno obrazlo\u017eitvijo (npr. po po\u0161ti poslano pismo ali e-po\u0161ta). Rok za odstop je izpolnjen, \u010de je bila izjava o odstopu poslana v zakonskem roku.<\/p>\n<p>6.4. V primeru odstopa moramo stranki nemudoma in najpozneje v 14 dneh od dneva, ko smo prejeli sporo\u010dila o odstopu od pogodbe, vrniti vsa pla\u010dila, ki smo jih prejeli od nje, vklju\u010dno s stro\u0161ki dostave. Za vra\u010dilo pla\u010dila bomo uporabili enako pla\u010dilno sredstvo, kot ga je uporabila stranka ob prvi transakciji, razen \u010de je bilo izrecno dogovorjeno druga\u010de; nikoli pa stranki ne bomo zara\u010dunali stro\u0161kov vra\u010dila pla\u010dila. V primeru, da stranka vrne po\u0161iljko, lahko zadr\u017eimo vra\u010dilo pla\u010dila, dokler vrnjenega blaga ne prejmemo, oziroma dokler stranka ne po\u0161lje dokazila o vra\u010dilu blaga, odvisno od tega, kaj nastopi prej.<\/p>\n<p>6.5. Pelete v razsutem stanju bomo v primeru odstopa od pogodbe prevzeli sami. Sicer pa nam mora stranka v primeru odstopa od pogodbe blago poslati ali predati takoj, oziroma najpozneje v 14 dneh od dneva, ko nas je obvestila o odstopu te pogodbe. Rok je izpolnjen, \u010de je bilo blago poslano pred potekom 14-dnevnega roka.<\/p>\n<p>6.6. Stranka mora pla\u010dati neposredne stro\u0161ke vra\u010dila blaga. Ocenjeno je, da zna\u0161ajo stro\u0161ki vra\u010dila pri lesnih peletih v vre\u010dah okoli 200,00 evrov na dobavno enoto, pri lesnih peletih v razsutem stanju pa okoli 800,00 evrov.<\/p>\n<p>6.7. Vzorec obrazca izjave o odstopu od pogodbe vam je na razpolago <strong>tu<\/strong>.<\/p>\n<h3 id=\"kt-adv-heading_98f90c-eb\" class=\"kt-adv-heading_98f90c-eb wp-block-kadence-advancedheading\">7. Garancija \/ reklamacija<\/h3>\n<p>7.1. Velja zakonsko jamstvo. V primeru gospodarno nerazumne izbolj\u0161ave se dogovori nadomestno izpolnitev z zamenjavo. V primeru zavrnitve sprejema velja to\u010dka 5.<\/p>\n<p>7.2. Ne glede na to\u010dko 7.1. teh dolo\u010dil lahko stranka na\u010deloma po svoji izbiri zahteva zni\u017eanje stro\u0161kov vra\u010dila (zmanj\u0161anje), ali razveljavitev pogodbe (odstop od pogodbe). Pri manj\u0161ih pogodbenih odstopanjih, \u0161e posebej pri zgolj manj\u0161ih pomanjkljivostih, stranka nima pravice do odstopa od pogodbe.<\/p>\n<p>7.3. O\u010ditne pomanjkljivosti je treba na ustrezni dobavnici zabele\u017eiti takoj ob prevzemu in jih sporo\u010diti po e-po\u0161ti podjetju MY PELLETS HANDELS GmbH.<\/p>\n<p>7.4. Poznej\u0161e reklamacije so izklju\u010dene.<\/p>\n<p>7.5. Ne jam\u010dimo za garancije v pravnem smislu.<\/p>\n<p>7.6. Ob sprejemu oz. zamenjavi reklamiranega blaga lahko sprejmemo le blago v originalni embala\u017ei.<\/p>\n<h3 id=\"kt-adv-heading_4c4031-44\" class=\"kt-adv-heading_4c4031-44 wp-block-kadence-advancedheading\">8. Pravo, ki se uporablja<\/h3>\n<p>Za to pogodbo velja izklju\u010dno avstrijsko pravo, vendar le v mejah, ki jih dolo\u010dajo obvezna dolo\u010dila prava dr\u017eave, v kateri ima stranka stalno bivali\u0161\u010de. S tem so izklju\u010dena kolizijska pravila mednarodnega zasebnega prava in prodajnega prava ZN (CISG).<\/p>\n<h3 id=\"kt-adv-heading_0c44bf-00\" class=\"kt-adv-heading_0c44bf-00 wp-block-kadence-advancedheading\">9. Varstvo osebnih podatkov<\/h3>\n<p>Stranka se za namene knjigovodstva in evidence strank strinja z uporabo in shranjevanjem podatkov o strankah, ki so navedeni v pogodbi. Podatki se uporabljajo za izpolnjevanje zakonskih predpisov in za izvajanje pla\u010dilnega prometa. Podatkov o stranki ne posredujemo tretjim osebam, razen \u010de je to nujno potrebno za namene izpolnjevanja pogodbe. Ve\u010d podrobnosti glede izjave o varstvu osebnih podatkov najdete na spletni strani: https:\/\/www.mypellets.at\/datenschutzerklaerung\/<\/p>\n<p>Stanje: julij 2020<\/p>\n<\/div>\n    <\/div>\n    <\/div>\n","protected":false},"excerpt":{"rendered":"","protected":false},"author":1,"featured_media":0,"parent":0,"menu_order":0,"comment_status":"closed","ping_status":"closed","template":"","meta":{"_acf_changed":false,"inline_featured_image":false,"footnotes":""},"class_list":["post-9419","page","type-page","status-publish","hentry"],"acf":[],"_links":{"self":[{"href":"https:\/\/www.mypellets.at\/sl\/wp-json\/wp\/v2\/pages\/9419","targetHints":{"allow":["GET"]}}],"collection":[{"href":"https:\/\/www.mypellets.at\/sl\/wp-json\/wp\/v2\/pages"}],"about":[{"href":"https:\/\/www.mypellets.at\/sl\/wp-json\/wp\/v2\/types\/page"}],"author":[{"embeddable":true,"href":"https:\/\/www.mypellets.at\/sl\/wp-json\/wp\/v2\/users\/1"}],"replies":[{"embeddable":true,"href":"https:\/\/www.mypellets.at\/sl\/wp-json\/wp\/v2\/comments?post=9419"}],"version-history":[{"count":58,"href":"https:\/\/www.mypellets.at\/sl\/wp-json\/wp\/v2\/pages\/9419\/revisions"}],"predecessor-version":[{"id":9817,"href":"https:\/\/www.mypellets.at\/sl\/wp-json\/wp\/v2\/pages\/9419\/revisions\/9817"}],"wp:attachment":[{"href":"https:\/\/www.mypellets.at\/sl\/wp-json\/wp\/v2\/media?parent=9419"}],"curies":[{"name":"wp","href":"https:\/\/api.w.org\/{rel}","templated":true}]}}