{"id":9542,"date":"2023-08-25T13:46:11","date_gmt":"2023-08-25T11:46:11","guid":{"rendered":"https:\/\/www.mypellets.at\/impressum\/"},"modified":"2025-10-16T17:07:42","modified_gmt":"2025-10-16T15:07:42","slug":"kolofon","status":"publish","type":"page","link":"https:\/\/www.mypellets.at\/sl\/kolofon\/","title":{"rendered":"Kolofon"},"content":{"rendered":"\n<div  class=\"trnc-fullwidth-text container py-10 trnc-full md:px-4 mx-auto\">\n    <div class=\"text-left\">\n            <h1 class=\"text-yellow font-bold py-12\">Kolofon<\/h1>\n                <div class=\"text-yellow font-bold text-regular\"><p><strong>My Pellets Handels GmbH<\/strong><br \/>\nA-8552 H\u00f6rmsdorf 190<\/p>\n<p><strong>T:<\/strong>\u00a0+43 3466 42704<br \/>\n<strong>E-po\u0161ta:<\/strong>\u00a0<a href=\"mailto:premium@mypellets.at\">premium@mypellets.at<\/a><br \/>\n<strong>Splet:<\/strong>\u00a0<a href=\"http:\/\/www.mypellets.at\/\">www.mypellets.at<\/a><\/p>\n<p><strong>Registracijska \u0161tevilka podjetja:<\/strong>\u00a0FN 390472z<\/p>\n<p><strong>Poslovni register<\/strong>: ZRS Gradec<\/p>\n<p><strong>Identifikacijska \u0161tevilka za DDV:<\/strong>\u00a0ATU67640635<\/p>\n<p><strong>Direktor:<\/strong>\u00a0Matthias Kroell<\/p>\n<p><strong>Dejavnost dru\u017ebe<\/strong>: distribucija lesnih peletov<\/p>\n<p class=\"p1\"><span class=\"s1\"><strong>Avtorji fotografij:<\/strong> Florian Lierzer, My Pellets Handels GmbH, majhen foto meni \u00bbKakovost\u00ab avtorja Quaritsch Photography na <a href=\"https:\/\/unsplash.com\/de\/fotos\/graue-kurvenreiche-strasse-in-der-nahe-von-wald-Uj6K44po4jw?utm_source=unsplash&amp;utm_medium=referral&amp;utm_content=creditCopyText\" target=\"_blank\" rel=\"noopener\">Unsplash<\/a>, velik foto meni \u00bbKakovost\u00ab avtorja Josh Withers na <a href=\"https:\/\/unsplash.com\/de\/fotos\/luftaufnahme-einer-strasse-mitten-im-wald-eM3lM1Xbq14?utm_source=unsplash&amp;utm_medium=referral&amp;utm_content=creditCopyText\" target=\"_blank\" rel=\"noopener\">Unsplash<\/a><\/span><\/p>\n<p><strong>Zasnova, oblikovanje in programiranje spletnega mesta:<\/strong>\u00a0Madison Werbeagentur,\u00a0<a href=\"https:\/\/www.madison.at\/\">www.madison.at<\/a><\/p>\n<p>Vsebina tega spletnega mesta je za\u0161\u010ditena z avtorskimi pravicami. Informacije so namenjene le za osebno uporabo. Brez soglasja dru\u017ebe My pellets Handels GmbH je prepovedana vsakr\u0161na nadaljnja uporaba vsebine, zlasti shranjevanje v podatkovnih zbirkah, razmno\u017eevanje in kakr\u0161na koli oblika komercialne uporabe ter razkritje tretjim osebam, tudi delno ali v spremenjeni obliki.<\/p>\n<p>Kljub skrbnemu nadzoru vsebine ne prevzemamo nobene odgovornosti za vsebino zunanjih povezav. Za vsebino povezanih strani so odgovorni izklju\u010dno njihovi upravljavci. To spletno mesto je bilo ustvarjeno z najve\u010djo mo\u017eno skrbnostjo. Posodabljamo ga sproti. Kljub temu ne prevzemamo nobene odgovornosti za to\u010dnost, popolnost in pravo\u010dasnost informacij, ki jih vsebuje.<\/p>\n<p>\u010ce se naro\u010dite na e-novice na tem spletnem mestu, bodo shranjeni razli\u010dni podatki, ki nam jih posredujete. Te podatke uporabljamo za zagotavljanje storitev. Seveda imate mo\u017enost, da naro\u010dnino na e-novicekadar koli prekli\u010dete. Vse, kar morate storiti, je, da na naslov premium@mypellets.at po\u0161ljete e-sporo\u010dilo, v katerem navedete, da e-novicene \u017eelite ve\u010d prejemati. Va\u0161i podatki ne bodo posredovani tretjim osebam. Va\u0161i podatki bodo posredovani le interno poobla\u0161\u010denim tretjim osebam za izvajanje nalog ogla\u0161evanja in storitev, pri \u010demer te tretje osebe podatkov ne smejo uporabljati za lastno uporabo ali jih posredovati naprej.<\/p>\n<\/div>\n    <\/div>\n    <\/div>\n","protected":false},"excerpt":{"rendered":"","protected":false},"author":1,"featured_media":0,"parent":0,"menu_order":0,"comment_status":"closed","ping_status":"closed","template":"","meta":{"_acf_changed":false,"inline_featured_image":false,"footnotes":""},"class_list":["post-9542","page","type-page","status-publish","hentry"],"acf":[],"_links":{"self":[{"href":"https:\/\/www.mypellets.at\/sl\/wp-json\/wp\/v2\/pages\/9542","targetHints":{"allow":["GET"]}}],"collection":[{"href":"https:\/\/www.mypellets.at\/sl\/wp-json\/wp\/v2\/pages"}],"about":[{"href":"https:\/\/www.mypellets.at\/sl\/wp-json\/wp\/v2\/types\/page"}],"author":[{"embeddable":true,"href":"https:\/\/www.mypellets.at\/sl\/wp-json\/wp\/v2\/users\/1"}],"replies":[{"embeddable":true,"href":"https:\/\/www.mypellets.at\/sl\/wp-json\/wp\/v2\/comments?post=9542"}],"version-history":[{"count":13,"href":"https:\/\/www.mypellets.at\/sl\/wp-json\/wp\/v2\/pages\/9542\/revisions"}],"predecessor-version":[{"id":14545,"href":"https:\/\/www.mypellets.at\/sl\/wp-json\/wp\/v2\/pages\/9542\/revisions\/14545"}],"wp:attachment":[{"href":"https:\/\/www.mypellets.at\/sl\/wp-json\/wp\/v2\/media?parent=9542"}],"curies":[{"name":"wp","href":"https:\/\/api.w.org\/{rel}","templated":true}]}}