{"id":9559,"date":"2023-08-25T13:47:15","date_gmt":"2023-08-25T11:47:15","guid":{"rendered":"https:\/\/www.mypellets.at\/qualitat\/"},"modified":"2025-10-16T17:06:00","modified_gmt":"2025-10-16T15:06:00","slug":"kakovost","status":"publish","type":"page","link":"https:\/\/www.mypellets.at\/sl\/kakovost\/","title":{"rendered":"Kakovost"},"content":{"rendered":"\n<div class=\"hidden bg-light bg-dark text-yellow text-secondary\"><\/div>\n\n<div  class=\"trnc-images-text trnc-full trnc-content bg-lightlight w-fullwidth px-4 py-16 flex justify-center items-center overflow-hidden\">\n    <div class=\"container mx-auto lg:grid grid-cols-1 grid-rows-2 gap-8 lg:grid-cols-3 lg:grid-rows-1\">\n        <div class=\"flex-1 flex flex-col justify-center items-center col-span-2\">\n            <div class=\"text-left trnc-reveal\">\n                <div class=\"trnc-grid-img grid gap-12\">\n                <img loading=\"lazy\" decoding=\"async\" width=\"242\" height=\"162\" src=\"https:\/\/www.mypellets.at\/wp-content\/uploads\/2023\/10\/Ebene_1-8.svg\" class=\"w-auto h-auto object-cover\" alt=\"\" \/>      <img loading=\"lazy\" decoding=\"async\" width=\"139\" height=\"139\" src=\"https:\/\/www.mypellets.at\/wp-content\/uploads\/2023\/10\/Ebene_1-5.svg\" class=\"w-auto h-auto object-cover\" alt=\"\" \/>                <\/div>\n                <p class=\"text-yellow font-bold font-30 lg:text-6xl leading-none py-6\">\n                    Na\u0161a kakovost presega zahteve najvi\u0161jih evropskih razredov kakovosti.                <\/p>\n            <\/div>\n        <\/div>\n        <div class=\"flex-1 flex items-center justify-end trnc-reveal trnc-reveal--fromRight\">\n            <img loading=\"lazy\" decoding=\"async\" width=\"305\" height=\"452\" src=\"https:\/\/www.mypellets.at\/wp-content\/uploads\/2023\/10\/quaritsch-photography-Uj6K44po4jw-unsplash-1-1-1.jpg\" class=\"w-auto h-auto object-cover\" alt=\"Forststra\u00dfe durch den Wald.\" srcset=\"https:\/\/www.mypellets.at\/wp-content\/uploads\/2023\/10\/quaritsch-photography-Uj6K44po4jw-unsplash-1-1-1.jpg 305w, https:\/\/www.mypellets.at\/wp-content\/uploads\/2023\/10\/quaritsch-photography-Uj6K44po4jw-unsplash-1-1-1-202x300.jpg 202w\" sizes=\"auto, (max-width: 305px) 100vw, 305px\" \/>        <\/div>\n    <\/div>\n<\/div>\n\n\n<div  \n    class=\"trnc-column-img-text-stacked \n    trnc-fullwidth-with-image trnc-full trnc-content\n    w-fullwidth py-16\n    flex justify-center items-center \n    overflow-hidden\">\n    <div class=\"container mx-auto md:pb-14\">\n        <div class=\"flex-1 md:w80 md:flex flex-col justify-center items-center\">\n        <div class=\"text-left trnc-reveal\">\n            <div class=\"text-yellow uppercase break-words font-bold font-30 md:font-48 mb-8\">NIZKA VSEBNOST PEPELA ZA DOLGOTRAJNO DELOVANJE OGREVALNEGA SISTEMA<\/div>\n            <div class=\"text-yellow font-bold font-30 \"><p>Slab\u0161i peleti lahko va\u0161 ogrevalni sistem onesna\u017eijo in po\u0161kodujejo. V na\u0161ih peletih je vsebnost naravnih ostankov saj in pepela precej ni\u017eja od 0,70 %, vrednosti, ki je pogoj za najbolj\u0161i evropski kakovostni razred. Na ta na\u010din peleti \u00bbMy Pellets\u00ab zagotavljajo dalj\u0161o \u017eivljenjsko dobo va\u0161ega ogrevalnega sistema, prepre\u010dujejo draga popravila in poskrbijo za prijetno in naravno toploto.<\/p>\n<\/div>\n            <div class=\"wp-block-button mt-8\">\n                <a href=\"https:\/\/www.mypellets.at\/sl\/izdelki\/\" class=\"border-4 border-yellow uppercase rounded-3xl px-4 font-28 font-bold button-yellow block text-center w-fit\" target=\"\">Izdelki<\/a>            <\/div>\n        <\/div>\n    <\/div>\n    <\/div>\n<\/div>\n\n\n\n<div class=\"hidden bg-light bg-dark text-yellow\"><\/div>\n<div  class=\"trnc-headline-img-with-subtext trnc-centered-with-image trnc-full trnc-content w-fullwidth ml-[50%] translate-x-[-50%] md:px-4 py-8 pl-4 pr-4 flex justify-center items-center bg-lightlight\">\n    <div class=\"flex-1 flex flex-col justify-center items-center gap-12 trnc-reveal\">\n        <div class=\"text-center\">\n                    <img loading=\"lazy\" decoding=\"async\" width=\"467\" height=\"262\" src=\"https:\/\/www.mypellets.at\/wp-content\/uploads\/2023\/10\/Button-Menue-ueber-Bild.svg\" class=\"m-auto py-6 h-full lg:max-w-[400px] object-cover\" alt=\"\" \/>            <div class=\"lg:tracking-widest font-bold text-yellow uppercase mb-12\">Z VSEBNOSTJO PEPELA MANJ KOT 0,5 %<br \/>\r\nZA DOLGOTRAJNO DELOVANJE OGREVALNEGA SISTEMA<br \/>\r\n<br \/><\/div>\n        <\/div>\n    <\/div>\n<\/div>\n\n\n\n<div  \n    class=\"trnc-column-img-text-stacked \n    trnc-fullwidth-with-image trnc-full trnc-content\n    w-fullwidth py-16\n    flex justify-center items-center \n    overflow-hidden\">\n    <div class=\"container mx-auto md:pb-14\">\n            <div class=\"flex-1 flex items-center justify-center trnc-reveal trnc-reveal--fromRight mb-10\">\n            <img loading=\"lazy\" decoding=\"async\" width=\"195\" height=\"292\" src=\"https:\/\/www.mypellets.at\/wp-content\/uploads\/2023\/10\/My_Pellets-39-1.png\" class=\"w-auto h-auto object-cover\" alt=\"\" \/>        <\/div>\n        <div class=\"flex-1 md:w80 md:flex flex-col justify-center items-center\">\n        <div class=\"text-left trnc-reveal\">\n            <div class=\"text-yellow uppercase break-words font-bold font-30 md:font-48 mb-8\">NAJBOLJ\u0160I LES,<br \/>\r\nNAJBOLJ\u0160E KALORI\u010cNE VREDNOSTI<br \/>\r\n<\/div>\n            <div class=\"text-yellow font-bold font-30 \"><p>Ne optimiziramo le na\u0161ih peletov, ampak tudi zagotavljamo sledljivost in kraj\u0161e transportne poti v Avstriji in Evropi. S tem ne zmanj\u0161amo le cene, temve\u010d tudi vpliv na\u0161e proizvodnje na emisije CO\u2082.<\/p>\n<\/div>\n            <div class=\"wp-block-button mt-8\">\n                            <\/div>\n        <\/div>\n    <\/div>\n    <\/div>\n<\/div>\n\n\n\n<div  \n    class=\"trnc-column-img-text-stacked \n    trnc-fullwidth-with-image trnc-full trnc-content\n    w-fullwidth py-16\n    flex justify-center items-center \n    overflow-hidden\">\n    <div class=\"container mx-auto md:pb-14\">\n            <div class=\"flex-1 flex items-center justify-center trnc-reveal trnc-reveal--fromRight mb-10\">\n            <img loading=\"lazy\" decoding=\"async\" width=\"2400\" height=\"1797\" src=\"https:\/\/www.mypellets.at\/wp-content\/uploads\/2025\/10\/josh-withers-eM3lM1Xbq14-unsplash.jpg\" class=\"w-auto h-auto object-cover\" alt=\"Stra\u00dfe durch einen Nadelwald, Luftaufnahme.\" srcset=\"https:\/\/www.mypellets.at\/wp-content\/uploads\/2025\/10\/josh-withers-eM3lM1Xbq14-unsplash.jpg 2400w, https:\/\/www.mypellets.at\/wp-content\/uploads\/2025\/10\/josh-withers-eM3lM1Xbq14-unsplash-300x225.jpg 300w, https:\/\/www.mypellets.at\/wp-content\/uploads\/2025\/10\/josh-withers-eM3lM1Xbq14-unsplash-1024x767.jpg 1024w, https:\/\/www.mypellets.at\/wp-content\/uploads\/2025\/10\/josh-withers-eM3lM1Xbq14-unsplash-768x575.jpg 768w, https:\/\/www.mypellets.at\/wp-content\/uploads\/2025\/10\/josh-withers-eM3lM1Xbq14-unsplash-1536x1150.jpg 1536w, https:\/\/www.mypellets.at\/wp-content\/uploads\/2025\/10\/josh-withers-eM3lM1Xbq14-unsplash-2048x1533.jpg 2048w, https:\/\/www.mypellets.at\/wp-content\/uploads\/2025\/10\/josh-withers-eM3lM1Xbq14-unsplash-600x449.jpg 600w\" sizes=\"auto, (max-width: 2400px) 100vw, 2400px\" \/>        <\/div>\n        <div class=\"flex-1 md:w80 md:flex flex-col justify-center items-center\">\n        <div class=\"text-left trnc-reveal\">\n            <div class=\"text-yellow uppercase break-words font-bold font-30 md:font-48 mb-8\">OPTIMIZIRANA LOGISTIKA<br \/>\r\nKRATKE TRANSPORTNE POTI<br \/>\r\n<\/div>\n            <div class=\"text-yellow font-bold font-30 \"><p>Na\u0161e pelete stiskamo izklju\u010dno iz najbolj\u0161ega lesa smreke in jelke. Le ti dve vrsti lesa zagotavljata najve\u010djo kalori\u010dno vrednost in izgorevata s kar najmanj\u0161im vplivom na okolje. Vsa proizvodna mesta so podvr\u017eena stalnim internim in zunanjim pregledom ter imajo certifikat FSC oz. PEFC.<\/p>\n<\/div>\n            <div class=\"wp-block-button mt-8\">\n                <a href=\"https:\/\/www.mypellets.at\/wp-content\/uploads\/2023\/11\/CO2-2022_My-Pellets-Handels-GmbH_626478_AT_02882.pdf\" class=\"border-4 border-yellow uppercase rounded-3xl px-4 font-28 font-bold button-yellow block text-center w-fit\" target=\"_blank\">CERTIFIKAT CO2 LKW WALTER<\/a>            <\/div>\n        <\/div>\n    <\/div>\n    <\/div>\n<\/div>\n\n\n\n<div  class=\"trnc-icon-text py-24\">\n    <div class=\"container md:w850 mx-auto lg:grid grid-cols-1 grid-rows-2 gap-8 lg:grid-cols-4 lg:grid-rows-1\">\n        <div class=\"lg:col-span-1 flex items-start justify-center trnc-reveal trnc-reveal--fromLeft md:mb-0 mb-6\">\n                            <img loading=\"lazy\" decoding=\"async\" width=\"242\" height=\"162\" src=\"https:\/\/www.mypellets.at\/wp-content\/uploads\/2023\/10\/Ebene_1-8.svg\" class=\"w-auto h-auto object-cover\" alt=\"\" \/>                    <\/div>\n        <div class=\"lg:col-span-3 flex items-center trnc-reveal trnc-reveal--fromRight\">\n            <div class=\"text-left\">\n                <div class=\"text-yellow font-bold font-20\">ENPlus je svetovni certifikat kakovosti za lesene pelete. Izvor in kakovost predelave v obratih preverja neodvisni nadzorni organ. Preverjanje nadzornega organa poteka enkrat letno, s \u010dimer se zagotovi visok standard kakovosti peletov. Vendar pa na\u0161e zahteve glede kakovosti izdelkov mo\u010dno presegajo tiste iz certifikata. Na\u0161emu ekolo\u0161kemu sistemu in va\u0161emu ogrevalnemu sistemu zagotavljamo kar najbolj\u0161o mo\u017eno kakovost.<\/div>\n      \n            <div class=\"wp-block-button mt-8\">\n                 <a href=\"https:\/\/www.mypellets.at\/wp-content\/uploads\/2023\/11\/ENplus_Certifikat-HFA-0159_AT312-_-2026.pdf\" class=\"border-4 border-yellow uppercase rounded-3xl px-4 font-28 font-bold button-yellow block text-center w-fit\" target=\"_blank\">CERTIFIKAT ENPLUS<\/a>  <\/div>\n        <\/div>\n        <\/div>\n    <\/div>\n<\/div>\n\n\n\n<div  class=\"trnc-icon-text py-24\">\n    <div class=\"container md:w850 mx-auto lg:grid grid-cols-1 grid-rows-2 gap-8 lg:grid-cols-4 lg:grid-rows-1\">\n        <div class=\"lg:col-span-1 flex items-start justify-center trnc-reveal trnc-reveal--fromLeft md:mb-0 mb-6\">\n                            <img loading=\"lazy\" decoding=\"async\" width=\"139\" height=\"139\" src=\"https:\/\/www.mypellets.at\/wp-content\/uploads\/2023\/10\/Ebene_1-5.svg\" class=\"w-auto h-auto object-cover\" alt=\"\" \/>                    <\/div>\n        <div class=\"lg:col-span-3 flex items-center trnc-reveal trnc-reveal--fromRight\">\n            <div class=\"text-left\">\n                <div class=\"text-yellow font-bold font-20\">Vizija in cilj podjetja proPellets je energetska revolucija na podro\u010dju ogrevanja. Pribli\u017eno 70 % toplote, ki se jo v Avstriji porabi za ogrevanje stavb, je proizvedeno s fosilnimi gorivi. Na\u0161 cilj je, da v Avstriji s peleti bistveno prispevamo k prehodu iz fosilnih goriv na obnovljivo energijo.<\/div>\n      \n            <div class=\"wp-block-button mt-8\">\n                 <a href=\"https:\/\/www.propellets.at\/\" class=\"border-4 border-yellow uppercase rounded-3xl px-4 font-28 font-bold button-yellow block text-center w-fit\" target=\"_blank\">proPellets<\/a>  <\/div>\n        <\/div>\n        <\/div>\n    <\/div>\n<\/div>\n","protected":false},"excerpt":{"rendered":"","protected":false},"author":1,"featured_media":0,"parent":0,"menu_order":0,"comment_status":"closed","ping_status":"closed","template":"","meta":{"_acf_changed":false,"inline_featured_image":false,"footnotes":""},"class_list":["post-9559","page","type-page","status-publish","hentry"],"acf":[],"_links":{"self":[{"href":"https:\/\/www.mypellets.at\/sl\/wp-json\/wp\/v2\/pages\/9559","targetHints":{"allow":["GET"]}}],"collection":[{"href":"https:\/\/www.mypellets.at\/sl\/wp-json\/wp\/v2\/pages"}],"about":[{"href":"https:\/\/www.mypellets.at\/sl\/wp-json\/wp\/v2\/types\/page"}],"author":[{"embeddable":true,"href":"https:\/\/www.mypellets.at\/sl\/wp-json\/wp\/v2\/users\/1"}],"replies":[{"embeddable":true,"href":"https:\/\/www.mypellets.at\/sl\/wp-json\/wp\/v2\/comments?post=9559"}],"version-history":[{"count":20,"href":"https:\/\/www.mypellets.at\/sl\/wp-json\/wp\/v2\/pages\/9559\/revisions"}],"predecessor-version":[{"id":14543,"href":"https:\/\/www.mypellets.at\/sl\/wp-json\/wp\/v2\/pages\/9559\/revisions\/14543"}],"wp:attachment":[{"href":"https:\/\/www.mypellets.at\/sl\/wp-json\/wp\/v2\/media?parent=9559"}],"curies":[{"name":"wp","href":"https:\/\/api.w.org\/{rel}","templated":true}]}}