{"id":9578,"date":"2023-08-25T13:47:22","date_gmt":"2023-08-25T11:47:22","guid":{"rendered":"https:\/\/www.mypellets.at\/uber-uns\/"},"modified":"2024-01-25T16:00:48","modified_gmt":"2024-01-25T15:00:48","slug":"o-nas","status":"publish","type":"page","link":"https:\/\/www.mypellets.at\/sl\/o-nas\/","title":{"rendered":"O nas"},"content":{"rendered":"\n<div  \n    class=\"trnc-column-img-text-stacked \n    trnc-fullwidth-with-image trnc-full trnc-content\n    w-fullwidth py-16\n    flex justify-center items-center \n    overflow-hidden\">\n    <div class=\"container mx-auto md:pb-14\">\n            <div class=\"flex-1 flex items-center justify-center trnc-reveal trnc-reveal--fromRight mb-10\">\n            <img loading=\"lazy\" decoding=\"async\" width=\"194\" height=\"292\" src=\"https:\/\/www.mypellets.at\/wp-content\/uploads\/2023\/10\/My_Pellets-31_2023-1.png\" class=\"w-auto h-auto object-cover\" alt=\"\" \/>        <\/div>\n        <div class=\"flex-1 md:w80 md:flex flex-col justify-center items-center\">\n        <div class=\"text-left trnc-reveal\">\n            <div class=\"text-yellow uppercase break-words font-bold font-30 md:font-48 mb-8\">PROIZVAJALEC KAKOVOSTI IZ AVSTRIJE<\/div>\n            <div class=\"text-yellow font-bold font-30 \"><p>Matthias Kroell se z vrhunskimi peleti Premium Pellets iz obnovljivih surovin ukvarja \u017ee od leta 1995. Matthias Kroell je od leta 2012 lastnik in direktor lastne blagovne znamke. Medtem je skupaj z vrhunskimi evropskimi podjetji raz\u0161iril ponudbo izdelkov. \u00bbMy Pellets\u00ab so med kupci po vsej Evropi dobro znani kot izdelki vrhunske kakovosti in so priznani kot avstrijska blagovna znamka.<\/p>\n<\/div>\n            <div class=\"wp-block-button mt-8\">\n                <a href=\"https:\/\/www.mypellets.at\/sl\/kakovost\/\" class=\"border-4 border-yellow uppercase rounded-3xl px-4 font-28 font-bold button-yellow block text-center w-fit\" target=\"\">Kakovost<\/a>            <\/div>\n        <\/div>\n    <\/div>\n    <\/div>\n<\/div>\n\n\n\n<div  \n    class=\"trnc-column-img-text-stacked \n    trnc-fullwidth-with-image trnc-full trnc-content\n    w-fullwidth py-16\n    flex justify-center items-center \n    overflow-hidden\">\n    <div class=\"container mx-auto md:pb-14\">\n            <div class=\"flex-1 flex items-center justify-center trnc-reveal trnc-reveal--fromRight mb-10\">\n            <img loading=\"lazy\" decoding=\"async\" width=\"371\" height=\"247\" src=\"https:\/\/www.mypellets.at\/wp-content\/uploads\/2023\/11\/mypellets_044-1.jpg\" class=\"w-auto h-auto object-cover\" alt=\"\" srcset=\"https:\/\/www.mypellets.at\/wp-content\/uploads\/2023\/11\/mypellets_044-1.jpg 371w, https:\/\/www.mypellets.at\/wp-content\/uploads\/2023\/11\/mypellets_044-1-300x200.jpg 300w\" sizes=\"auto, (max-width: 371px) 100vw, 371px\" \/>        <\/div>\n        <div class=\"flex-1 md:w80 md:flex flex-col justify-center items-center\">\n        <div class=\"text-left trnc-reveal\">\n            <div class=\"text-yellow uppercase break-words font-bold font-30 md:font-48 mb-8\">POPOLNI IZDELKI<\/div>\n            <div class=\"text-yellow font-bold font-30 \"><p>Na\u0161e pelete smo v 30. letih razvoja in raziskav izdelkov izbolj\u0161ali in optimizirali. Pri tem dajemo poudarek kar najvi\u0161ji kakovosti izdelkov. Svojo ponudbo nenehno \u0161irimo, da bi jo \u010dim bolje prilagodili potrebam razli\u010dnih trgov. Izdelki so na prodaj po vsej Evropi, predvsem v Italiji in Avstriji. Pelete \u00bbMy Pellets\u00ab ve\u010dinoma proizvajamo v izbranih obratih v Avstriji in na \u010ce\u0161kem.<\/p>\n<\/div>\n            <div class=\"wp-block-button mt-8\">\n                <a href=\"https:\/\/www.mypellets.at\/sl\/izdelki\/\" class=\"border-4 border-yellow uppercase rounded-3xl px-4 font-28 font-bold button-yellow block text-center w-fit\" target=\"\">Izdelki<\/a>            <\/div>\n        <\/div>\n    <\/div>\n    <\/div>\n<\/div>\n\n\n\n<div  class=\"trnc-banner-headline trnc-full trnc-content w-full trnc-centered-with-image trnc-full text-yellow trnc-content bg-light \n    w-fullwidth py-40 md:px-4 flex justify-center items-center\" style=\"background-image:url(https:\/\/www.mypellets.at\/wp-content\/uploads\/2023\/09\/My_Pellets-37-1.jpg); background-repeat: no-repeat; background-position: center;\n    background-size: cover;\">\n    <div class=\"container flex-1 flex flex-col justify-center items-center gap-12  trnc-reveal\">\n        <div class=\"text-center md:w80 \">\n            <h4 class=\"tracking-widest text-lg uppercase text-yellow mb-12 font-bold\">\n                <br \/><\/h4>\n            <div class=\"text-yellow font-bold font-30\">\n                Cilj je, da izdelke \u00bbMy Pellets\u00ab tr\u017eimo kot visokokakovostne izdelke \u2028, ki se ne pona\u0161ajo le malenkostno o trajnosti, temve\u010d jo ob\u010dutno vklju\u010dujejo v \u017eivljenje. So izdelki, ki predstavljajo zmagovalno kombinacijo tako za ljudi kot naravo.Zato nenehno \u2028preverjamo kakovost lesa, optimiziramo dobavne poti in skrbimo za \u2028dolgotrajno delovanje ogrevalnih sistemov.            <\/div>\n            <div class=\"wp-block-button mt-16\">\n                            <\/div>\n        <\/div>\n    <\/div>\n<\/div>\n\n\n<div  \n    class=\"trnc-column-img-text-stacked \n    trnc-fullwidth-with-image trnc-full trnc-content\n    w-fullwidth py-16\n    flex justify-center items-center \n    overflow-hidden\">\n    <div class=\"container mx-auto md:pb-14\">\n            <div class=\"flex-1 flex items-center justify-center trnc-reveal trnc-reveal--fromRight mb-10\">\n            <img loading=\"lazy\" decoding=\"async\" width=\"192\" height=\"289\" src=\"https:\/\/www.mypellets.at\/wp-content\/uploads\/2023\/09\/My_Pellets-35-1.png\" class=\"w-auto h-auto object-cover\" alt=\"\" \/>        <\/div>\n        <div class=\"flex-1 md:w80 md:flex flex-col justify-center items-center\">\n        <div class=\"text-left trnc-reveal\">\n            <div class=\"text-yellow uppercase break-words font-bold font-30 md:font-48 mb-8\">TO JE STORITEV<\/div>\n            <div class=\"text-yellow font-bold font-30 \"><p>Od ustanovitve podjetja \u00bbMy Pellets\u00ab tesno sodelujemo z na\u0161imi trgovci, ostajamo dostopni in svojim strankam zagotavljamo najbolj\u0161o kakovost. Poleg tega sodelujemo tudi s proizvajalci ogrevalnih sistemov, da zagotovimo njihovo optimalno delovanje in dolgo \u017eivljenjsko dobo. Priznani proizvajalci ogrevalnih naprav priporo\u010dajo pelete My Premium Pellets.<\/p>\n<\/div>\n            <div class=\"wp-block-button mt-8\">\n                <a href=\"https:\/\/www.mypellets.at\/sl\/stik\/\" class=\"border-4 border-yellow uppercase rounded-3xl px-4 font-28 font-bold button-yellow block text-center w-fit\" target=\"\">Stik<\/a>            <\/div>\n        <\/div>\n    <\/div>\n    <\/div>\n<\/div>\n\n\n\n<div  \n    class=\"trnc-column-img-text-stacked \n    trnc-fullwidth-with-image trnc-full trnc-content\n    w-fullwidth py-16\n    flex justify-center items-center \n    overflow-hidden\">\n    <div class=\"container mx-auto md:pb-14\">\n            <div class=\"flex-1 flex items-center justify-center trnc-reveal trnc-reveal--fromRight mb-10\">\n            <img loading=\"lazy\" decoding=\"async\" width=\"195\" height=\"292\" src=\"https:\/\/www.mypellets.at\/wp-content\/uploads\/2023\/11\/mypellets_0499-1.jpg\" class=\"w-auto h-auto object-cover\" alt=\"\" \/>        <\/div>\n        <div class=\"flex-1 md:w80 md:flex flex-col justify-center items-center\">\n        <div class=\"text-left trnc-reveal\">\n            <div class=\"text-yellow uppercase break-words font-bold font-30 md:font-48 mb-8\">PREPROSTO NARO\u010cANJE, HITRA DOSTAVA, STALNA KAKOVOST<\/div>\n            <div class=\"text-yellow font-bold font-30 \"><p>V na\u0161i popolnoma novi spletni trgovini lahko brez te\u017eav in stro\u0161kovno ugodno naro\u010dite neposredno pri nas. Na\u0161a stalna kakovost in to\u010dne dostave brez prahu \u017ee leta navdu\u0161ujejo na\u0161e stranke.<\/p>\n<\/div>\n            <div class=\"wp-block-button mt-8\">\n                <a href=\"https:\/\/www.mypellets.at\/sl\/izdelki\/\" class=\"border-4 border-yellow uppercase rounded-3xl px-4 font-28 font-bold button-yellow block text-center w-fit\" target=\"\">Izdelki<\/a>            <\/div>\n        <\/div>\n    <\/div>\n    <\/div>\n<\/div>\n","protected":false},"excerpt":{"rendered":"","protected":false},"author":1,"featured_media":0,"parent":0,"menu_order":0,"comment_status":"closed","ping_status":"closed","template":"","meta":{"_acf_changed":false,"inline_featured_image":false,"footnotes":""},"class_list":["post-9578","page","type-page","status-publish","hentry"],"acf":[],"_links":{"self":[{"href":"https:\/\/www.mypellets.at\/sl\/wp-json\/wp\/v2\/pages\/9578","targetHints":{"allow":["GET"]}}],"collection":[{"href":"https:\/\/www.mypellets.at\/sl\/wp-json\/wp\/v2\/pages"}],"about":[{"href":"https:\/\/www.mypellets.at\/sl\/wp-json\/wp\/v2\/types\/page"}],"author":[{"embeddable":true,"href":"https:\/\/www.mypellets.at\/sl\/wp-json\/wp\/v2\/users\/1"}],"replies":[{"embeddable":true,"href":"https:\/\/www.mypellets.at\/sl\/wp-json\/wp\/v2\/comments?post=9578"}],"version-history":[{"count":22,"href":"https:\/\/www.mypellets.at\/sl\/wp-json\/wp\/v2\/pages\/9578\/revisions"}],"predecessor-version":[{"id":9807,"href":"https:\/\/www.mypellets.at\/sl\/wp-json\/wp\/v2\/pages\/9578\/revisions\/9807"}],"wp:attachment":[{"href":"https:\/\/www.mypellets.at\/sl\/wp-json\/wp\/v2\/media?parent=9578"}],"curies":[{"name":"wp","href":"https:\/\/api.w.org\/{rel}","templated":true}]}}