{"id":9593,"date":"2023-08-25T13:49:16","date_gmt":"2023-08-25T11:49:16","guid":{"rendered":"https:\/\/www.mypellets.at\/widerrufsbelehrung\/"},"modified":"2024-01-25T16:01:56","modified_gmt":"2024-01-25T15:01:56","slug":"pravica-do-odstopa","status":"publish","type":"page","link":"https:\/\/www.mypellets.at\/sl\/pravica-do-odstopa\/","title":{"rendered":"Pravica do odstopa"},"content":{"rendered":"\n<div  class=\"trnc-fullwidth-text container py-10 trnc-full md:px-4 mx-auto\">\n    <div class=\"text-left\">\n            <h1 class=\"text-yellow font-bold py-12\">Pravica do odstopa<\/h1>\n                <div class=\"text-yellow font-bold text-regular\"><p>Informacije za uresni\u010ditev pravice do odstopa od pogodbe v primeru pogodbe o nakupu, o dobavi enega ali ve\u010d izdelkov v eni po\u0161iljki \u2013 Politika odpovedi \u2013 Pravica do odstopa.<\/p>\n<p>Imate pravico, da brez navedbe razlogov v \u0161tirinajstih dneh odstopite od te pogodbe.<\/p>\n<p>Rok za odstop je <strong>\u0161tirinajst<\/strong> <strong>dni<\/strong> od dneva, ko ste blago prevzeli v svojo last sami, oziroma va\u0161a imenovana tretja oseba, ki ni prevoznik.<\/p>\n<p>Za uveljavitev pravice do odstopa nas morate o odstopu od pogodbe obvestiti na naslov: <strong>My Pellets Handels GmbH,<\/strong> Hoermsdorf 190, A-8552 Eibiswald; <a href=\"mailto:premium@mypellets.at\">premium@mypellets.at<\/a>; <strong>tel.: +43 3466 42704<\/strong>, z jasno obrazlo\u017eitvijo (npr. po po\u0161ti ali po e-po\u0161ti). Za to lahko uporabite vzorec obrazca za odstop, ki pa ni predpisan.<\/p>\n<p>Vzorec obrazca za odstop od pogodbe ali drugo jasno obrazlo\u017eitev lahko izpolnite elektronsko in nam ga posredujete prek na\u0161ega spletnega mesta. V primeru, da boste uporabili to mo\u017enost, vam bomo takoj (npr. po e-po\u0161ti) posredovali potrdilo o prejemu odstopa od pogodbe.<\/p>\n<p>Za ohranitev roka za odstop od pogodbe zadostuje, da je sporo\u010dilo o odstopu odposlano pred potekom roka za odstop.<\/p>\n<p><strong>Posledice odstopa od pogodbe<\/strong><\/p>\n<p>V primeru odstopa od pogodbe, vam moramo takoj, a najpozneje v \u0161tirinajstih dneh od dneva, ko smo prejeli sporo\u010dilo o odstopu od pogodbe, vrniti vsa pla\u010dila, ki smo jih prejeli od vas, vklju\u010dno s stro\u0161ki dostave (z izjemo dodatnih stro\u0161kov, ki izhajajo iz tega, ker ste izbrali ponujeno ugodnej\u0161o standardno dostavo). Za to vra\u010dilo bomo uporabili enako pla\u010dilno sredstvo, kot ste ga uporabili ob prvi transakciji, razen \u010de je bilo z vami izrecno dogovorjeno druga\u010de; nikoli pa vam ne bomo zara\u010dunali stro\u0161kov vra\u010dila pla\u010dila.<\/p>\n<p>Vra\u010dilo pla\u010dila lahko zadr\u017eimo, dokler vrnjenega blaga ne prejmemo, oziroma dokler ne po\u0161ljete dokazila o vra\u010dilu blaga, odvisno od tega, kaj nastopi prej.<\/p>\n<\/div>\n    <\/div>\n        <div class=\"wp-block-button text-left\">\n      <a href=\"https:\/\/www.mypellets.at\/wp-content\/uploads\/2023\/09\/20200928_MPP_web_Widerrufsformular.pdf\" class=\"border-4 border-yellow uppercase rounded-3xl px-4 text-large lg:text-medium font-bold button-yellow\" target=\"_blank\">PRENOS OBRAZCA<\/a>    <\/div>\n<\/div>\n","protected":false},"excerpt":{"rendered":"","protected":false},"author":1,"featured_media":0,"parent":0,"menu_order":0,"comment_status":"closed","ping_status":"closed","template":"","meta":{"_acf_changed":false,"inline_featured_image":false,"footnotes":""},"class_list":["post-9593","page","type-page","status-publish","hentry"],"acf":[],"_links":{"self":[{"href":"https:\/\/www.mypellets.at\/sl\/wp-json\/wp\/v2\/pages\/9593","targetHints":{"allow":["GET"]}}],"collection":[{"href":"https:\/\/www.mypellets.at\/sl\/wp-json\/wp\/v2\/pages"}],"about":[{"href":"https:\/\/www.mypellets.at\/sl\/wp-json\/wp\/v2\/types\/page"}],"author":[{"embeddable":true,"href":"https:\/\/www.mypellets.at\/sl\/wp-json\/wp\/v2\/users\/1"}],"replies":[{"embeddable":true,"href":"https:\/\/www.mypellets.at\/sl\/wp-json\/wp\/v2\/comments?post=9593"}],"version-history":[{"count":14,"href":"https:\/\/www.mypellets.at\/sl\/wp-json\/wp\/v2\/pages\/9593\/revisions"}],"predecessor-version":[{"id":9809,"href":"https:\/\/www.mypellets.at\/sl\/wp-json\/wp\/v2\/pages\/9593\/revisions\/9809"}],"wp:attachment":[{"href":"https:\/\/www.mypellets.at\/sl\/wp-json\/wp\/v2\/media?parent=9593"}],"curies":[{"name":"wp","href":"https:\/\/api.w.org\/{rel}","templated":true}]}}